{"id":512,"date":"2025-03-16T15:12:47","date_gmt":"2025-03-16T14:12:47","guid":{"rendered":"https:\/\/www.heatcooltech.sk\/?post_type=product&#038;p=512"},"modified":"2025-04-07T23:04:57","modified_gmt":"2025-04-07T21:04:57","slug":"klimatizacia-aux-freedom-plus-35kw","status":"publish","type":"product","link":"http:\/\/www.heatcooltech.sk\/en\/product\/klimatizacia-aux-freedom-plus-35kw\/","title":{"rendered":"Air conditioner AUX Freedom Plus 3,5kW set"},"content":{"rendered":"<p>Rokmi overen\u00e1 spo\u013eahliv\u00e1 klasika. Najpred\u00e1vanej\u0161ia klimatiz\u00e1cia rokov 2021 a 2022 (model F2H09) vylep\u0161en\u00e1 o praktick\u00e9 funkcie, ktor\u00e9 pote\u0161ia ka\u017ed\u00e9ho (model F3H09). WiFi modul ZDARMA Zapn\u00fa\u0165 klimatiz\u00e1ciu pred pr\u00edchodom domov a tak si pr\u00edjemne vychladi\u0165 obydlie, to e\u0161te ani dnes nie je \u0161tandard u in\u00fdch v\u00fdrobcov. AUX m\u00e1 svojich z\u00e1kazn\u00edkov r\u00e1d, a preto pon\u00faka v\u017edy viac, ako by kto \u010dakal. U n\u00e1s m\u00e1te nielen\u00a0WiFi modul v \u0161tandarde ZADARMO, ale dokonca aj aplik\u00e1ciu\u00a0AC Freedom (CZ, HU, AJ, DE). Pomocou nej si klimatiz\u00e1ciu m\u00f4\u017eete ovl\u00e1da\u0165 na dia\u013eku a m\u00f4\u017eete ju pou\u017e\u00edva\u0165\u00a0v \u010de\u0161tine alebo ma\u010far\u010dine.\u00a0U\u017e \u017eiadne komplikovan\u00e9 slov\u00ed\u010dka v angli\u010dtine, u\u017e \u017eiadne nezn\u00e1me funkcie! V\u0161etko pekne a hlavne jednoducho! Aplik\u00e1ciu je mo\u017en\u00e9 nain\u0161talova\u0165\u00a0do telef\u00f3nov, tabletov alebo po\u010d\u00edta\u010dov\u00a0so syst\u00e9mom Android alebo iOS. UV Lampa v klimatiz\u00e1cii: Z\u00e1ruka \u010dist\u00e9ho a zdrav\u00e9ho vzduchu UV Lampa\u00a0v klimatiz\u00e1cii je revolu\u010dn\u00fd sp\u00f4sob, ako zabezpe\u010di\u0165\u00a0\u010dist\u00fd a zdrav\u00fd vzduch\u00a0vo va\u0161ich priestoroch. T\u00e1to pokro\u010dil\u00e1 technol\u00f3gia vyu\u017e\u00edva ultrafialov\u00e9 \u017eiarenie na\u00a0ni\u010denie bakt\u00e9ri\u00ed, v\u00edrusov a \u010fal\u0161\u00edch mikroorganizmov, \u010d\u00edm predch\u00e1dza ich \u0161\u00edreniu prostredn\u00edctvom vzduchov\u00e9ho syst\u00e9mu. UV lampy efekt\u00edvne zni\u017euj\u00fa riziko respira\u010dn\u00fdch ochoren\u00ed a alergi\u00ed t\u00fdm, \u017ee eliminuj\u00fa \u0161kodliv\u00e9 patog\u00e9ny e\u0161te predt\u00fdm, ne\u017e sa dostan\u00fa do obytn\u00fdch alebo pracovn\u00fdch priestorov. In\u0161tal\u00e1cia UV Lampy do klimatiza\u010dn\u00e9ho syst\u00e9mu prispieva k v\u00fdrazn\u00e9mu zlep\u0161eniu kvality vzduchu, zni\u017euje potrebu \u010dast\u00e9ho \u010distenia a \u00fadr\u017eby syst\u00e9mu a\u00a0predl\u017euje jeho \u017eivotnos\u0165. Navy\u0161e, technol\u00f3gia\u00a0UV Lampy\u00a0je ekonomick\u00e1 a energeticky efekt\u00edvna, pon\u00faka\u00a0n\u00edzke prev\u00e1dzkov\u00e9 n\u00e1klady\u00a0pri zachovan\u00ed vysok\u00e9ho v\u00fdkonu. Uistite sa, \u017ee vzduch, ktor\u00fd d\u00fdchate, je\u00a0\u010dist\u00fd a bezpe\u010dn\u00fd\u00a0s UV Lampou v klimatiz\u00e1cii. Tento jednoduch\u00fd, no \u00fa\u010dinn\u00fd n\u00e1stroj je k\u013e\u00fa\u010dom k zdrav\u0161iemu domovu alebo pracovn\u00e9mu prostrediu. Objavte na\u0161e rie\u0161enia na\u00a0KlimaPreTeba.sk\u00a0a investujte do zdravia va\u0161ej rodiny \u010di zamestnancov s pokro\u010dilou ochranou, ktor\u00fa poskytuj\u00fa\u00a0UV Lampy. Ekologick\u00e9 chladivo R32: Revol\u00facia v chladen\u00ed a klimatiz\u00e1cii Ekologick\u00e9 chladivo R32\u00a0je inovat\u00edvne rie\u0161enie v oblasti chladenia a klimatiz\u00e1cie, ktor\u00e9 sa vyzna\u010duje\u00a0ni\u017e\u0161\u00edm dopadom na \u017eivotn\u00e9 prostredie\u00a0v porovnan\u00ed s tradi\u010dn\u00fdmi chladivami. S n\u00edzkym potenci\u00e1lom glob\u00e1lneho otep\u013eovania (GWP) a vynikaj\u00facou energetickou efektivitou predstavuje\u00a0R32 ekologickej\u0161iu a efekt\u00edvnej\u0161iu alternat\u00edvu, ktor\u00e1 zodpoved\u00e1 s\u00fa\u010dasn\u00fdm po\u017eiadavk\u00e1m na ochranu kl\u00edmy. R32\u00a0m\u00e1 v\u00fdznamn\u00e9 v\u00fdhody, vr\u00e1tane\u00a0lep\u0161ej tepelnej v\u00fdkonnosti, \u010do umo\u017e\u0148uje syst\u00e9mom pracova\u0165 efekt\u00edvnej\u0161ie a s\u00a0ni\u017e\u0161\u00edmi prev\u00e1dzkov\u00fdmi n\u00e1kladmi. Jeho pou\u017eitie tie\u017e vedie k\u00a0men\u0161\u00edm emisi\u00e1m sklen\u00edkov\u00fdch plynov, \u010d\u00edm prispieva k zn\u00ed\u017eeniu dopadov na glob\u00e1lne otep\u013eovanie. Objavte v\u00fdhody\u00a0ekologick\u00e9ho chladiva R32\u00a0a prejdite na\u00a0udr\u017eate\u013enej\u0161ie a efekt\u00edvnej\u0161ie rie\u0161enie\u00a0pre va\u0161e chladiace a klimatiza\u010dn\u00e9 syst\u00e9my. S\u00a0R32\u00a0si zabezpe\u010d\u00edte nielen\u00a0v\u00fdkonnej\u0161\u00ed, ale aj\u00a0ekologickej\u0161\u00ed\u00a0prev\u00e1dzku, ktor\u00e1 je v s\u00falade s modern\u00fdmi environment\u00e1lnymi \u0161tandardmi. Ve\u013ek\u00fd dosah ventil\u00e1tora Dofuk ventil\u00e1tora je\u00a0a\u017e 15 metrov, \u010do predbieha konkuren\u010dn\u00e9 modely dosahuj\u00face maxim\u00e1lne\u00a012 metrov. R\u00fdchle chladenie aj k\u00farenie Jednotka dosiahne\u00a0pln\u00e9ho v\u00fdkonu chladenia\u00a0cca\u00a0za 30 sek\u00fand\u00a0a\u00a0pln\u00e9ho v\u00fdkonu k\u00farenia\u00a0cca\u00a0za 60 sek\u00fand, \u010d\u00edm\u00a0zabezpe\u010d\u00ed pr\u00edjemn\u00fa teplotu prostredia e\u0161te r\u00fdchlej\u0161ie. Funkcia 4D n\u00e1vev vzduchu u klimatiz\u00e1cie Je modern\u00e1 technol\u00f3gia, ktor\u00e1\u00a0zais\u0165uje rovnomern\u00e9 rozpt\u00fdlenie\u00a0chladen\u00e9ho alebo vyhrievan\u00e9ho vzduchu po celej miestnosti. V\u010faka \u0161peci\u00e1lne navrhnut\u00fdm lamel\u00e1m a v\u00fdkonn\u00fdm ventil\u00e1torom m\u00f4\u017ee vzduch pr\u00fadi\u0165 v \u0161tyroch smeroch (nahor, nadol, v\u013eavo, vpravo), \u010do umo\u017e\u0148uje r\u00fdchlej\u0161ie a efekt\u00edvnej\u0161ie dosiahnutie po\u017eadovanej teploty v ka\u017edom k\u00fate miestnosti.T\u00e1to funkcia\u00a0prin\u00e1\u0161a vy\u0161\u0161\u00ed komfort, eliminuje\u00a0studen\u00e9 alebo hor\u00face z\u00f3ny\u00a0a umo\u017e\u0148uje\u00a0\u00fasporu energie\u00a0v\u010faka efekt\u00edvnej\u0161iemu rozlo\u017eeniu teploty.\u00a04D n\u00e1vev vzduchu\u00a0je ide\u00e1lny pre dom\u00e1cnosti aj kancel\u00e1rie, kde je potrebn\u00e9 dosiahnu\u0165 optim\u00e1lnu mikrokl\u00edmu\u00a0s oh\u013eadom na pohodlie a energetick\u00fa efektivitu.\u00a0Jednoducho pomocou dia\u013ekov\u00e9ho ovl\u00e1dania si nasmerujete po\u017eadovan\u00fd smer f\u00fakania vzduchu. K\u00farenie Zariadenie k\u00fari\u00a0a\u017e do -20 \u00b0C,\u00a0tento model je ale prim\u00e1rne ur\u010den\u00fd na chladenie. Funkcia samo\u010distenia T\u00e1to inovat\u00edvna vlastnos\u0165\u00a0pom\u00e1ha udr\u017eiava\u0165 vn\u00fatorn\u00fa jednotku \u010dist\u00fa a zdrav\u00fa. Automaticky odstra\u0148uje\u00a0vlhkos\u0165 a bakt\u00e9rie, ktor\u00e9 sa m\u00f4\u017eu hromadi\u0165 v klimatiz\u00e1cii po\u010das jej be\u017en\u00e9ho pou\u017e\u00edvania. Po vypnut\u00ed klimatiz\u00e1cie sa vn\u00fatorn\u00e1 jednotka\u00a0nezastav\u00ed okam\u017eite, ale spust\u00ed sa\u00a0proces su\u0161enia. Ventil\u00e1tor pokra\u010duje v chode na\u00a0n\u00edzkych ot\u00e1\u010dkach, \u010d\u00edm odv\u00e1dza vlhkos\u0165 a\u00a0br\u00e1ni rastu bakt\u00e9ri\u00ed a plesn\u00ed. V\u010faka funkcii samo\u010distenia je vzduch\u00a0\u010distej\u0161\u00ed a zdrav\u0161\u00ed, \u010do je d\u00f4le\u017eit\u00e9 najm\u00e4 pre alergikov a osoby s respira\u010dn\u00fdmi probl\u00e9mami.\u00a0T\u00e1to funkcia tie\u017e predl\u017euje \u017eivotnos\u0165 klimatiz\u00e1cie\u00a0a\u00a0minimalizuje potrebu manu\u00e1lneho \u010distenia a \u00fadr\u017eby. 24-hodinov\u00fd \u010dasova\u010d T\u00e1to funkcia umo\u017e\u0148uje nastavi\u0165 klimatiz\u00e1ciu tak,\u00a0aby pracovala pod\u013ea va\u0161ich potrieb. Sta\u010d\u00ed raz nastavi\u0165\u00a0v ktor\u00e9 dni v t\u00fd\u017edni a o ktorej hodine sa m\u00e1 klimatiz\u00e1cia zapn\u00fa\u0165, ak\u00e9\u00a0ot\u00e1\u010dky, teplota\u00a0a na ako dlho. Praktick\u00e9 a efekt\u00edvne rie\u0161enie\u00a0napr\u00edklad do\u00a0\u0161atn\u00ed pre zamestnancov, kde sa klimatiz\u00e1cia zapne pred pr\u00edchodom \u013eud\u00ed a po odchode sa automaticky vypne. LCD displej Ukazuje\u00a0aktu\u00e1lnu teplotu\u00a0na ktor\u00fa je zariadenie nastaven\u00e9. AUTO-diagnostika V pr\u00edpade poruchy\u00a0zariadenie vyp\u00ed\u0161e chybov\u00fd k\u00f3d, ktor\u00fd\u00a0ur\u00fdchli diagnostiku a n\u00e1sledn\u00e9 odstr\u00e1nenie poruchy. No\u010dn\u00fd re\u017eim Uvedie zariadenie do\u00a0SUPER-tich\u00e9ho re\u017eimu.<\/p>","protected":false},"excerpt":{"rendered":"<p class=\"p1\"><b>Tich\u00e1, pekn\u00e1, spo\u013eahliv\u00e1 a v\u00fdkonn\u00e1 klimatiza\u010dn\u00e1 jednotka.<\/b><b><\/b><\/p>\n<p class=\"p3\">Najpred\u00e1vanej\u0161ia klimatiz\u00e1cia v roku 2021 a 2022 (model F2H12) obohaten\u00e1 o praktick\u00e9 funkcie ako <span class=\"s1\"><b>UV Lampa<\/b><\/span> alebo zabudovan\u00e1 <span class=\"s1\"><b>WiFi (aplik\u00e1cia v CZ, HU, DE, AJ)<\/b><\/span> pote\u0161ia ka\u017ed\u00e9ho (nov\u00e9 modely F3H12).<\/p>","protected":false},"featured_media":542,"comment_status":"open","ping_status":"closed","template":"","meta":{"_acf_changed":false,"om_disable_all_campaigns":false,"_monsterinsights_skip_tracking":false,"_monsterinsights_sitenote_active":false,"_monsterinsights_sitenote_note":"","_monsterinsights_sitenote_category":0},"product_brand":[40],"product_cat":[19],"product_tag":[],"class_list":{"0":"post-512","1":"product","2":"type-product","3":"status-publish","4":"has-post-thumbnail","6":"product_brand-aux","7":"product_cat-klimatizacia","9":"first","10":"instock","11":"taxable","12":"shipping-taxable","13":"purchasable","14":"product-type-simple"},"acf":[],"aioseo_notices":[],"_links":{"self":[{"href":"http:\/\/www.heatcooltech.sk\/en\/wp-json\/wp\/v2\/product\/512","targetHints":{"allow":["GET"]}}],"collection":[{"href":"http:\/\/www.heatcooltech.sk\/en\/wp-json\/wp\/v2\/product"}],"about":[{"href":"http:\/\/www.heatcooltech.sk\/en\/wp-json\/wp\/v2\/types\/product"}],"replies":[{"embeddable":true,"href":"http:\/\/www.heatcooltech.sk\/en\/wp-json\/wp\/v2\/comments?post=512"}],"wp:featuredmedia":[{"embeddable":true,"href":"http:\/\/www.heatcooltech.sk\/en\/wp-json\/wp\/v2\/media\/542"}],"wp:attachment":[{"href":"http:\/\/www.heatcooltech.sk\/en\/wp-json\/wp\/v2\/media?parent=512"}],"wp:term":[{"taxonomy":"product_brand","embeddable":true,"href":"http:\/\/www.heatcooltech.sk\/en\/wp-json\/wp\/v2\/product_brand?post=512"},{"taxonomy":"product_cat","embeddable":true,"href":"http:\/\/www.heatcooltech.sk\/en\/wp-json\/wp\/v2\/product_cat?post=512"},{"taxonomy":"product_tag","embeddable":true,"href":"http:\/\/www.heatcooltech.sk\/en\/wp-json\/wp\/v2\/product_tag?post=512"}],"curies":[{"name":"wp","href":"https:\/\/api.w.org\/{rel}","templated":true}]}}