{"id":514,"date":"2025-03-16T15:12:47","date_gmt":"2025-03-16T14:12:47","guid":{"rendered":"https:\/\/www.heatcooltech.sk\/?post_type=product&#038;p=514"},"modified":"2025-04-07T23:03:08","modified_gmt":"2025-04-07T21:03:08","slug":"klimatizacia-aux-q-smart-plus-aux-09qc-27-kw","status":"publish","type":"product","link":"http:\/\/www.heatcooltech.sk\/en\/product\/klimatizacia-aux-q-smart-plus-aux-09qc-27-kw\/","title":{"rendered":"Air conditioner AUX Q-Smart Plus AUX-09QC 2,7 kW set"},"content":{"rendered":"<p>Ovl\u00e1danie na dia\u013eku pomocou WiFi 2.0 v \u0161tandarde Zapn\u00fa\u0165 klimatiz\u00e1ciu pred pr\u00edchodom domov\u00a0a tak si pr\u00edjemne vychladi\u0165 obydlie, to e\u0161te ani dnes nie je \u0161tandard u in\u00fdch v\u00fdrobcov. AUX m\u00e1 svojich z\u00e1kazn\u00edkov r\u00e1d a preto pon\u00faka v\u017edy viac, ako by kto \u010dakal. U n\u00e1s m\u00e1te nielen\u00a0WiFi modul v \u0161tandarde ZADARMO, ale dokonca aj aplik\u00e1ciu\u00a0AC Freedom (CZ, HU, EN, DE). Pomocou nej si klimatiz\u00e1ciu m\u00f4\u017eete ovl\u00e1da\u0165 na dia\u013eku a m\u00f4\u017eete ju pou\u017e\u00edva\u0165\u00a0v \u010de\u0161tine. U\u017e \u017eiadne komplikovan\u00e9 slov\u00ed\u010dka v angli\u010dtine, u\u017e \u017eiadne nezn\u00e1me funkcie!\u00a0V\u0161etko pekne a hlavne jednoducho! Aplik\u00e1ciu je mo\u017en\u00e9 nain\u0161talova\u0165 do telef\u00f3nov so syst\u00e9mom\u00a0Android alebo iOS. Efekt\u00edvna Integrovan\u00e1 UV lampa UV_Lampa Na\u0161e klimatiz\u00e1cie disponuj\u00fa zabudovan\u00fdmi\u00a0UV lampami, ktor\u00e9 s rovnak\u00fdm \u00fa\u010dinkom ako horsk\u00e9 slnko\u00a0\u00fa\u010dinne sterilizuj\u00fa pretekaj\u00faci vzduch a t\u00fdm likviduj\u00fa v\u00edrusy, bakt\u00e9rie a pachy.\u00a0Pod\u013ea vedeck\u00fdch \u0161t\u00fadi\u00ed\u00a0UV-C germic\u00eddne \u017eiari\u010de s ultrafialov\u00fdm \u017eiaren\u00edm preuk\u00e1zate\u013ene a \u00fa\u010dinne likviduj\u00fa COVID-19. V\u00fdhody pou\u017e\u00edvania UV lampy: \u2022vhodn\u00e1 aj pre alergikov a astmatikov \u2022\u00fa\u010dinne eliminuje z\u00e1pachy v dom\u00e1cnosti (pachy dom\u00e1cich zvierat, faj\u010denie a in\u00e9) \u2022\u00fa\u010dinn\u00e1 a nechemick\u00e1 dezinfekcia vzduchu \u2022\u0161etrn\u00e1 k \u017eivotn\u00e9mu prostrediu (nevytv\u00e1ra \u017eiadne ved\u013eaj\u0161ie chemick\u00e9 l\u00e1tky) \u2022minimalizuje tvorbu plesn\u00ed, bakt\u00e9ri\u00ed a rias \u2022\u00fa\u010dinn\u00e1 proti v\u0161etk\u00fdm druhom mikroorganizmov \u0160peci\u00e1lny prachov\u00fd filter s vysokou hustotou a antibakteri\u00e1lny filter To s\u00fa dvaja nov\u00ed pomocn\u00edci, \u010do zabezpe\u010dia e\u0161te\u00a0lep\u0161iu kvalitu vzduchu\u00a0vo Va\u0161om priestore, aby ste sa lep\u0161ie a zdrav\u0161ie c\u00edtili. Vzduch v miestnosti je neust\u00e1le filtrovan\u00fd a zbavovan\u00fd aj t\u00fdch najmen\u0161\u00edch \u010dast\u00ed, ktor\u00e9 tam nemaj\u00fa \u010do h\u013eada\u0165. Antibakteri\u00e1lny filter\u00a0odpor\u00fa\u010dame umiestni\u0165 ka\u017ed\u00e9\u00a03-4 mesiace\u00a0na priame slne\u010dn\u00e9 svetlo\u00a0aspo\u0148 na 6-8 hod\u00edn\u00a0pre dezinfekciu. Kompresor novej gener\u00e1cie Modern\u00fd a tich\u00fd motor\u00a0\u00faplne novej jednotky vyrobenej najmodernej\u0161\u00edmi technol\u00f3giami je z\u00e1rukou toho, \u017ee aj pri najvy\u0161\u0161om v\u00fdkone si zachov\u00e1va neuverite\u013en\u00fa\u00a0tichos\u0165 a spo\u013eahlivos\u0165. 4D n\u00e1vev vzduchu Vertik\u00e1lne lamely aj horizont\u00e1lne lamely s\u00fa ovl\u00e1dan\u00e9 elektronicky. Vzduch v miestnosti bude v\u010faka nim\u00a0dokonale premie\u0161an\u00fd\u00a0a nebudete ma\u0165 pocit prievanu. V pr\u00edpade potreby si viete pomocou dia\u013ekov\u00e9ho ovl\u00e1da\u010da alebo aplik\u00e1cie v telef\u00f3ne nasmerova\u0165 pr\u00fad vzduchu tam, kde potrebujete, respekt\u00edve aby V\u00e1m nef\u00fakalo tam, kde nepotrebujete. Funkcia samo\u010distenia Inovat\u00edvna vlastnos\u0165, ktor\u00e1 pom\u00e1ha udr\u017eiava\u0165 vn\u00fatorn\u00fa jednotku\u00a0\u010dist\u00fa a zdrav\u00fa. T\u00e1to funkcia automaticky odstra\u0148uje vlhkos\u0165 a zab\u00edja bakt\u00e9rie, ktor\u00e9 sa m\u00f4\u017eu hromadi\u0165 v klimatiz\u00e1cii po\u010das jej be\u017en\u00e9ho pou\u017e\u00edvania. Ako funguje samo\u010distenie? Po vypnut\u00ed klimatiz\u00e1cie sa vn\u00fatorn\u00e1 jednotka\u00a0nezastav\u00ed okam\u017eite, ale spust\u00ed sa\u00a0proces su\u0161enia. Po\u010das tohto procesu ventil\u00e1tor jednotky pokra\u010duje v chode na\u00a0n\u00edzke ot\u00e1\u010dky, \u010d\u00edm\u00a0odv\u00e1dza vlhkos\u0165 a br\u00e1ni rastu bakt\u00e9ri\u00ed a plesn\u00ed. V niektor\u00fdch modeloch klimatiz\u00e1ci\u00ed m\u00f4\u017ee by\u0165 tie\u017e aktivovan\u00e9\u00a0UV svetlo\u00a0alebo in\u00e1 technol\u00f3gia na dodato\u010dn\u00fa\u00a0dezinfekciu a odstr\u00e1nenie ne\u010dist\u00f4t. V\u010faka funkcii samo\u010distenia je vzduch, ktor\u00fd klimatiz\u00e1cia vyd\u00e1va,\u00a0\u010distej\u0161\u00ed a zdrav\u0161\u00ed, \u010do je\u00a0obzvl\u00e1\u0161\u0165 d\u00f4le\u017eit\u00e9 pre alergikov a osoby s respira\u010dn\u00fdmi probl\u00e9mami. T\u00e1to funkcia tie\u017e\u00a0predl\u017euje \u017eivotnos\u0165\u00a0klimatiz\u00e1cie t\u00fdm, \u017ee\u00a0minimalizuje potrebu manu\u00e1lneho \u010distenia a \u00fadr\u017eby. 24-hodinov\u00fd \u010dasova\u010d Skvel\u00e1 funkcia V\u00e1m\u00a0pomocou aplik\u00e1cie\u00a0umo\u017en\u00ed nastavi\u0165 klimatiz\u00e1ciu, aby pracovala pod\u013ea Va\u0161ich potrieb. Sta\u010d\u00ed raz nastavi\u0165, ktor\u00e9 dni v t\u00fd\u017edni a o ktorej hodine sa m\u00e1 ak\u00e1 funkcia zapn\u00fa\u0165,\u00a0ak\u00e9 ot\u00e1\u010dky, teplota\u00a0a na ako dlho. Klimatiz\u00e1cia sa bude\u00a0automaticky prep\u00edna\u0165\u00a0do navolen\u00fdch re\u017eimov, popr\u00edpade sa\u00a0sama pod\u013ea rozvrhu vypne. Praktick\u00e9 a efekt\u00edvne hlavne tam, kde nechcete viac pou\u017e\u00edva\u0165 dia\u013ekov\u00fd ovl\u00e1da\u010d. Napr\u00edklad na\u0161i klienti to vyu\u017e\u00edvaj\u00fa v\u00a0\u0161atniach pre zamestnancov. Klimatiz\u00e1cia sa\u00a0sama zapne pred pr\u00edchodom \u013eud\u00ed do pr\u00e1ce\u00a0a po odchode sa\u00a0sama vypne. Zabr\u00e1n\u00ed sa tak\u00a0zabudnutiu vyp\u00ednania klimatiz\u00e1cie, ke\u010f ju netreba, a\u00a0\u0161etria sa t\u00fdm n\u00e1klady na energie. Spo\u013eahliv\u00e9 vykurovanie aj pri -22\u00b0C Objavte revolu\u010dn\u00e9 rie\u0161enie pre va\u0161e\u00a0dom\u00e1ce vykurovanie\u00a0s na\u0161ou pokro\u010dilou klimatiz\u00e1ciou, ktor\u00e1\u00a0efekt\u00edvne k\u00fari aj pri extr\u00e9mne n\u00edzkych teplot\u00e1ch a\u017e do -22\u00b0C. T\u00e1to klimatiza\u010dn\u00e1 jednotka predstavuje\u00a0vrchol inov\u00e1cie, umo\u017e\u0148uje v\u00e1m\u00a0u\u017e\u00edva\u0165 si tepl\u00fd a pohodln\u00fd domov\u00a0aj v najchladnej\u0161\u00edch zimn\u00fdch mesiacoch, a to v\u0161etko s\u00a0v\u00fdnimo\u010dnou energetickou \u00fa\u010dinnos\u0165ou. V\u010faka pokro\u010dilej technol\u00f3gii\u00a0tepeln\u00e9ho \u010derpadla vzduch-vzduch\u00a0je na\u0161a klimatiz\u00e1cia navrhnut\u00e1 tak, aby\u00a0maxim\u00e1lne zn\u00ed\u017eila va\u0161e vykurovacie n\u00e1klady\u00a0a z\u00e1rove\u0148 poskytla\u00a0r\u00fdchle a rovnomern\u00e9 rozlo\u017eenie tepla\u00a0vo va\u0161ich priestoroch. Perfektn\u00e1 pre dom\u00e1cnosti h\u013eadaj\u00face ekologick\u00e9 a cenovo dostupn\u00e9 rie\u0161enie k\u00farenia. Na\u0161a klimatiz\u00e1cia sa p\u00fd\u0161i\u00a0tichou prev\u00e1dzkou, jednoduch\u00fdm ovl\u00e1dan\u00edm a modern\u00fdm dizajnom, ktor\u00fd sa hod\u00ed do ka\u017ed\u00e9ho interi\u00e9ru. Navy\u0161e, s pridan\u00fdmi funkciami ako je\u00a0filtr\u00e1cia vzduchu a UV lampa, nielen\u017ee z\u00edskavate efekt\u00edvne vykurovanie, ale aj\u00a0\u010distej\u0161ie a zdrav\u0161ie prostredie\u00a0pre va\u0161u rodinu. Nechajte si od n\u00e1s poradi\u0165, ako si m\u00f4\u017eete u\u017e\u00edva\u0165 tepl\u00fd domov\u00a0s minim\u00e1lnymi energetick\u00fdmi n\u00e1kladmi, a to aj v najtuh\u0161\u00edch mrazoch.\u00a0Na\u0161a\u00a0klimatiz\u00e1cia na vykurovanie pri -22\u00b0C\u00a0je tou spr\u00e1vnou vo\u013ebou pre ka\u017ed\u00e9ho, kto h\u013ead\u00e1\u00a0spo\u013eahlivos\u0165, \u00fa\u010dinnos\u0165 a komfort. Vyhrievan\u00e1 vani\u010dka kondenz\u00e1tu Prekonajte v\u00fdzvy zimn\u00e9ho po\u010dasia\u00a0s na\u0161ou klimatiz\u00e1ciou, ktor\u00e1 je vybaven\u00e1\u00a0vyhrievanou vani\u010dkou kondenz\u00e1tu\u00a0vonkaj\u0161ej jednotky. T\u00e1to nevyhnutn\u00e1 funkcia zabezpe\u010duje\u00a0nepretr\u017eit\u00fa a efekt\u00edvnu prev\u00e1dzku\u00a0va\u0161ej klimatiza\u010dnej jednotky aj v mraziv\u00fdch podmienkach, eliminuje probl\u00e9my s\u00a0nam\u0155zan\u00edm\u00a0a umo\u017e\u0148uje\u00a0optim\u00e1lny v\u00fdkon po\u010das cel\u00e9ho roka.\u00a0Vyhrievan\u00e1 vani\u010dka kondenz\u00e1tu\u00a0zabra\u0148uje\u00a0hromadeniu \u013eadu a snehu, \u010do znamen\u00e1, \u017ee va\u0161a klimatiz\u00e1cia\u00a0pracuje efekt\u00edvnej\u0161ie, \u0161etr\u00ed energiu a predl\u017euje \u017eivotnos\u0165\u00a0cel\u00e9ho syst\u00e9mu. Ide\u00e1lna pre dom\u00e1cnosti aj\u00a0komer\u010dn\u00e9 priestory\u00a0v chladnej\u0161\u00edch klimatick\u00fdch podmienkach, na\u0161e rie\u0161enie prin\u00e1\u0161a\u00a0pokoj v du\u0161i\u00a0s vedom\u00edm, \u017ee va\u0161a klimatiz\u00e1cia zostane\u00a0spo\u013eahliv\u00e1 bez oh\u013eadu na po\u010dasie vonku. U\u017eite si\u00a0konzistentn\u00fd teplotn\u00fd komfort\u00a0s na\u0161ou inovat\u00edvnou funkciou, ktor\u00e1 je pripraven\u00e1\u00a0\u010deli\u0165 zime hlavou napred. #Spo\u013eahlivos\u0165 #\u00da\u010dinnos\u0165 #Komfort #ZimaBezStarost\u00ed #Klimatiz\u00e1cia LCD displej Ve\u013emi praktick\u00e1 funkcia,\u00a0ktor\u00e1\u00a0ukazuje aktu\u00e1lnu teplotu, na ktor\u00fa je zariadenie nastaven\u00e9. AUTO-diagnostika V pr\u00edpade poruchy v\u00e1m zariadenie\u00a0vyp\u00ed\u0161e chybov\u00fd k\u00f3d, ktor\u00fd\u00a0ur\u00fdchli diagnostiku a n\u00e1sledn\u00e9 odstr\u00e1nenie poruchy. No\u010dn\u00fd re\u017eim Uvedie zariadenie do\u00a0SUPER-tich\u00e9ho re\u017eimu.<\/p>","protected":false},"excerpt":{"rendered":"<p class=\"p1\">Modern\u00e1, spo\u013eahliv\u00e1 a kr\u00e1sna! <b><\/b>Tak\u00e1 je novinka <span class=\"s1\"><b>Q-Smart Plus<\/b><\/span> z dielne svetozn\u00e1meho v\u00fdrobcu klimatiz\u00e1ci\u00ed AUX <span class=\"s1\"><b>s UV Lampou a vyhrievanou vani\u010dkou<\/b><\/span> vonkaj\u0161ej jednotky.<\/p>\n<p class=\"p2\">Po obrovskom \u00faspechu predch\u00e1dzaj\u00facich modelov <span class=\"s1\"><b>AUX Freedom<\/b><\/span> a <span class=\"s1\"><b>AUX Free<\/b><strong>dom+<\/strong><\/span> je tu e\u0161te lep\u0161ia, spo\u013eahlivej\u0161ia, tich\u0161ia a praktick\u00fdmi funkciami nabit\u00e1 <span class=\"s1\"><b>NOVINKA 2024<\/b><\/span> <strong>\u2013 n\u00e1stenn\u00e1 klimatiz\u00e1cia AUX <span class=\"s1\">Q-Smart Plus<\/span><\/strong>.<\/p>","protected":false},"featured_media":543,"comment_status":"open","ping_status":"closed","template":"","meta":{"_acf_changed":false,"om_disable_all_campaigns":false,"_monsterinsights_skip_tracking":false,"_monsterinsights_sitenote_active":false,"_monsterinsights_sitenote_note":"","_monsterinsights_sitenote_category":0},"product_brand":[40],"product_cat":[19],"product_tag":[],"class_list":{"0":"post-514","1":"product","2":"type-product","3":"status-publish","4":"has-post-thumbnail","6":"product_brand-aux","7":"product_cat-klimatizacia","9":"first","10":"instock","11":"taxable","12":"shipping-taxable","13":"purchasable","14":"product-type-simple"},"acf":[],"aioseo_notices":[],"_links":{"self":[{"href":"http:\/\/www.heatcooltech.sk\/en\/wp-json\/wp\/v2\/product\/514","targetHints":{"allow":["GET"]}}],"collection":[{"href":"http:\/\/www.heatcooltech.sk\/en\/wp-json\/wp\/v2\/product"}],"about":[{"href":"http:\/\/www.heatcooltech.sk\/en\/wp-json\/wp\/v2\/types\/product"}],"replies":[{"embeddable":true,"href":"http:\/\/www.heatcooltech.sk\/en\/wp-json\/wp\/v2\/comments?post=514"}],"wp:featuredmedia":[{"embeddable":true,"href":"http:\/\/www.heatcooltech.sk\/en\/wp-json\/wp\/v2\/media\/543"}],"wp:attachment":[{"href":"http:\/\/www.heatcooltech.sk\/en\/wp-json\/wp\/v2\/media?parent=514"}],"wp:term":[{"taxonomy":"product_brand","embeddable":true,"href":"http:\/\/www.heatcooltech.sk\/en\/wp-json\/wp\/v2\/product_brand?post=514"},{"taxonomy":"product_cat","embeddable":true,"href":"http:\/\/www.heatcooltech.sk\/en\/wp-json\/wp\/v2\/product_cat?post=514"},{"taxonomy":"product_tag","embeddable":true,"href":"http:\/\/www.heatcooltech.sk\/en\/wp-json\/wp\/v2\/product_tag?post=514"}],"curies":[{"name":"wp","href":"https:\/\/api.w.org\/{rel}","templated":true}]}}