{"id":518,"date":"2025-03-16T15:12:47","date_gmt":"2025-03-16T14:12:47","guid":{"rendered":"https:\/\/www.heatcooltech.sk\/?post_type=product&#038;p=518"},"modified":"2025-04-07T23:04:39","modified_gmt":"2025-04-07T21:04:39","slug":"klimatizacia-aux-halo-deluxe-aux-12he-36-kw","status":"publish","type":"product","link":"http:\/\/www.heatcooltech.sk\/en\/product\/klimatizacia-aux-halo-deluxe-aux-12he-36-kw\/","title":{"rendered":"Air conditioner AUX Halo Deluxe AUX-12HE 3,6 kW set"},"content":{"rendered":"<p>Klimatiz\u00e1cie z radu Q-Smart\u00a0sa vyzna\u010duj\u00fa\u00a0dokonal\u00fdm dizajnom\u00a0prepracovan\u00fdm v ka\u017edom detaile. Dva efektn\u00e9 farebn\u00e9 varianty navrhnut\u00e9 v duchu\u00a0najnov\u0161\u00edch trendov interi\u00e9rov\u00e9ho dizajnu\u00a0dokonale zapadn\u00fa do atmosf\u00e9ry elegantn\u00fdch interi\u00e9rov a jemne pod\u010diarknu ich \u0161t\u00fdl. V duchu aktu\u00e1lnych trendov Klimatiz\u00e1cia\u00a0Q-Smart\u00a0sa vyzna\u010duje\u00a0dokonal\u00fdm dizajnom, prepracovan\u00fdm do ka\u017ed\u00e9ho detailu, navrhnut\u00fdm v duchu\u00a0najnov\u0161\u00edch trendov interi\u00e9rov\u00e9ho dizajnu. Dokonale zapadne do atmosf\u00e9ry elegantn\u00fdch interi\u00e9rov a jemne pod\u010diarkne ich \u0161t\u00fdl. Dekorat\u00edvny prvok Vysok\u00e1 kvalita a estetika spracovania v kombin\u00e1cii so\u00a0\u0161t\u00edhlym tvarom\u00a0klimatiz\u00e1ci\u00ed\u00a0Q-Smart\u00a0robia zariadenia nielen\u00a0perfektne zapadaj\u00face do ka\u017ed\u00e9ho \u0161t\u00fdlu interi\u00e9ru,\u00a0ale s\u00fa aj\u00a0elegantn\u00fdm a decentn\u00fdm dekorat\u00edvnym prvkom. Zamatovo \u0161ed\u00e1 Elegantn\u00e9,\u00a0grafitov\u00e9 puzdro imituj\u00face chr\u00f3m strieborn\u00fa\u00a0je n\u00e1vrhom pre t\u00fdch,\u00a0ktor\u00ed h\u013eadaj\u00fa\u00a0neprehliadnute\u013en\u00e9 farebn\u00e9 varianty.\u00a0Tento model bude\u00a0v\u00fdrazn\u00fdm farebn\u00fdm akcentom, ktor\u00fd dod\u00e1 interi\u00e9ru charakter. UV STERILIZ\u00c1CIA PRI 57 \u00b0C \u00da\u010dinnou dezinfekciou brzd\u00ed rozvoj v\u00edrusov o 99% Top modely s\u00e9rie\u00a0Q-Smart\u00a0s\u00fa vybaven\u00e9\u00a0UV lampami, ktor\u00e9 zaru\u010duj\u00fa\u00a0\u010dist\u00fd a zdrav\u00fd vzduch.\u00a0UV steriliz\u00e1cia \u00fa\u010dinne \u010dist\u00ed vzduch likvid\u00e1ciou v\u00edrusov, plesn\u00ed a mikroorganizmov.\u00a0T\u00e1to funkcia sa odpor\u00fa\u010da najm\u00e4\u00a0alergikom a \u013eu\u010fom n\u00e1chyln\u00fdm na infekcie.\u00a0Teplota trubice v\u00fdparn\u00edka\u00a0udr\u017euje vysok\u00fa teplotu 57 \u00b0C\u00a0po potrebn\u00fd \u010das,\u00a0aby sa zabezpe\u010dil\u00a0najlep\u0161\u00ed steriliza\u010dn\u00fd \u00fa\u010dinok. POKRO\u010cIL\u00c1 FILTR\u00c1CIA \u2022\u00a0Filter PM2,5\u00a0Pod\u013ea Svetovej zdravotn\u00edckej organiz\u00e1cie m\u00e1 dlhodob\u00e9 vystavenie \u010dasticiam PM2,5 za n\u00e1sledok\u00a0skr\u00e1tenie o\u010dak\u00e1vanej d\u013a\u017eky \u017eivota.\u00a0Klimatiz\u00e1cie\u00a0Q-Smart\u00a0s\u00fa vybaven\u00e9 filtrom\u00a0PM2,5, ktor\u00fd\u00a0zachyt\u00e1va jemn\u00e9 prachov\u00e9 \u010dastice vzn\u00e1\u0161aj\u00face sa vo vzduchu\u00a0a\u00a0odstra\u0148uje 99,9 % t\u00fdchto \u0161kodliv\u00edn, \u010d\u00edm zabezpe\u010duje\u00a0\u010dist\u00fd a zdrav\u00fd vzduch. \u2022\u00a0Antibakteri\u00e1lny filter\u00a0Nenahradite\u013en\u00fd\u00a0v boji proti\u00a0ak\u00e9muko\u013evek druhu bakt\u00e9ri\u00ed a patog\u00e9nnych mikroorganizmov, ktor\u00e9 sa zachyt\u00e1vaj\u00fa\u00a0na\u00a0antibakteri\u00e1lnom povlaku umiestnenom na povrchu filtra.\u00a0V\u010faka\u00a0bakteric\u00eddnym l\u00e1tkam\u00a0je ich\u00a0rozvoj v\u00fdrazne brzden\u00fd. \u2022\u00a0Filter s vysokou hustotou\u00a0Klimatiz\u00e1cia je vybaven\u00e1 filtrom\u00a0s vysokou hustotou, ktor\u00fd\u00a0\u00fa\u010dinne zachyt\u00e1va ne\u010distoty vo vzduchu,\u00a0vr\u00e1tane\u00a0prachu a pe\u013eov\u00fdch \u010dast\u00edc. \u2022\u00a0Volite\u013en\u00e9 vzduchov\u00e9 filtre UDR\u017dIAVANIE ST\u00c1LEJ TEPLOTY VYKUROVANIA Funkcia +8\u00b0C T\u00e1to funkcia umo\u017e\u0148uje\u00a0v zime udr\u017eiava\u0165 kon\u0161tantn\u00fa teplotu +8\u00b0C\u00a0v re\u017eime vykurovania, \u010d\u00edm\u00a0zabra\u0148uje vychladnutiu miestnosti.\u00a0Takzvan\u00e9\u00a0temperovanie miestnosti na +8\u00b0C\u00a0zaru\u010d\u00ed, \u017ee\u00a0interi\u00e9r nezmrzne,\u00a0ale pritom\u00a0spotrebuje minimum elektrickej energie\u00a0v porovnan\u00ed s\u00a0be\u017enou klimatiz\u00e1ciou,\u00a0ktor\u00e1 dok\u00e1\u017ee k\u00fari\u0165\u00a0najmenej od +18\u00b0C. \u0160IROK\u00dd PR\u00daD VZDUCHU STAROSTLIVOS\u0164 O \u017dIVOTN\u00c9 PROSTREDIE Pre\u010do R32? \u2022\u00a0N\u00edzky GWP \u2013 675,\u00a0to znamen\u00e1, \u017ee\u00a0neni\u010d\u00ed oz\u00f3nov\u00fa vrstvu. \u2022\u00a0Recyklovate\u013en\u00e9,\u00a0to znamen\u00e1, \u017ee\u00a0sa d\u00e1 znova pou\u017ei\u0165. \u2022\u00a0Vysok\u00fd v\u00fdkon,\u00a0t.j.\u00a0o 30 % menej chladiva v in\u0161tal\u00e1cii. \u2022\u00a0Vy\u0161\u0161ia energetick\u00e1 \u00fa\u010dinnos\u0165,\u00a0teda\u00a0\u0161etrenie energi\u00ed. \u2022\u00a0N\u00edzka toxicita,\u00a0t.j.\u00a0bezpe\u010dnos\u0165 pou\u017e\u00edvania. MODUL WI-FI Klimatiz\u00e1cie s\u00e9rie\u00a0Q-Smart\u00a0maj\u00fa\u00a0\u0161tandardne zabudovan\u00fd WI-FI modul\u00a0s\u00a0t\u00fd\u017edenn\u00fdm program\u00e1torom.\u00a0WI-FI je pohodln\u00e9 rie\u0161enie pre pou\u017e\u00edvate\u013eov\u00a0smartf\u00f3nov, tabletov a po\u010d\u00edta\u010dov,\u00a0ktor\u00e9 umo\u017e\u0148uje\u00a0ovl\u00e1da\u0165 klimatiz\u00e1ciu odkia\u013eko\u013evek 24 hod\u00edn denne. Aplik\u00e1cia m\u00e1\u00a0obrovsk\u00e9 mno\u017estvo funkci\u00ed, vr\u00e1tane\u00a0\u010dasova\u010da, tak\u017ee\u00a0nie je potrebn\u00e9 dokupova\u0165 ovl\u00e1da\u010de.\u00a0Ovl\u00e1danie klimatiz\u00e1cie pomocou aplik\u00e1cie je jednoduch\u00e9 a pr\u00edjemn\u00e9. Tich\u00fd re\u017eim Mimoriadne\u00a0tich\u00fd prev\u00e1dzkov\u00fd re\u017eim,\u00a0v ktorom\u00a0vn\u00fatorn\u00e1 jednotka klimatiz\u00e1cie\u00a0pracuje so\u00a0zn\u00ed\u017eenou hladinou akustick\u00e9ho tlaku.\u00a0Zais\u0165uje\u00a0optim\u00e1lne podmienky bez zbyto\u010dn\u00e9ho hluku. No\u010dn\u00fd re\u017eim Automatick\u00e1\u00a0regul\u00e1cia teploty po\u010das sp\u00e1nku.\u00a0Po\u010das\u00a0prv\u00fdch dvoch hod\u00edn prev\u00e1dzky v re\u017eime chladenia\u00a0klimatiz\u00e1cia\u00a0zvy\u0161uje nastaven\u00fa teplotu o 1\u00b0C za hodinu.\u00a0V\u00a0re\u017eime vykurovania\u00a0zni\u017euje teplotu rovnakou r\u00fdchlos\u0165ou. Nasleduj\u00facich\u00a05 hod\u00edn udr\u017eiava dosiahnut\u00fa teplotu\u00a0na kon\u0161tantnej \u00farovni,\u00a0po ktorej sa\u00a0klimatiz\u00e1cia vypne. Re\u017eim vykurovania Re\u017eim vykurovania umo\u017e\u0148uje\u00a0pou\u017e\u00edva\u0165 klimatiz\u00e1ciu po cel\u00fd rok,\u00a0dokonca aj\u00a0v chladnej\u0161\u00edch mesiacoch.\u00a0V\u010faka\u00a0tepeln\u00e9mu \u010derpadlu\u00a0dok\u00e1\u017ee zariadenie\u00a0ohrieva\u0165 vzduch v miestnosti,\u00a0\u010d\u00edm je\u00a0alternat\u00edvou k tradi\u010dn\u00fdm vykurovac\u00edm syst\u00e9mom. Funkcia \u201eI FEEL\u201c Inteligentn\u00e9\u00a0od\u010d\u00edtanie teploty \u201eI FEEL\u201c\u00a0pre\u00a0dokonal\u00e9 prisp\u00f4sobenie teploty podmienkam v miestnosti. Re\u017eim odvlh\u010dovania V\u00a0re\u017eime odvlh\u010dovania\u00a0klimatiz\u00e1cia\u00a0zni\u017euje \u00farove\u0148 vlhkosti v miestnosti\u00a0na optim\u00e1lnu hodnotu,\u00a0pri\u010dom\u00a0automaticky upravuje teplotu a r\u00fdchlos\u0165 pr\u00fadenia vzduchu\u00a0tak,\u00a0aby sa\u00a0dosiahli najlep\u0161ie podmienky pre odvlh\u010dovanie.\u00a0To\u00a0zabra\u0148uje rastu h\u00fab, plesn\u00ed a bakt\u00e9ri\u00ed. Jednoduch\u00e1 demont\u00e1\u017e filtrov R\u00fdchly pr\u00edstup k z\u00e1kladnej doske<\/p>","protected":false},"excerpt":{"rendered":"<p>Klimatiz\u00e1cie z radu Q-Smart\u00a0sa vyzna\u010duj\u00fa\u00a0dokonal\u00fdm dizajnom\u00a0prepracovan\u00fdm v ka\u017edom detaile. Dva efektn\u00e9 farebn\u00e9 varianty navrhnut\u00e9 v duchu\u00a0najnov\u0161\u00edch trendov interi\u00e9rov\u00e9ho dizajnu\u00a0dokonale zapadn\u00fa do atmosf\u00e9ry elegantn\u00fdch interi\u00e9rov a jemne pod\u010diarknu ich \u0161t\u00fdl. V duchu aktu\u00e1lnych trendov Klimatiz\u00e1cia\u00a0Q-Smart\u00a0sa vyzna\u010duje\u00a0dokonal\u00fdm dizajnom, prepracovan\u00fdm do ka\u017ed\u00e9ho detailu, navrhnut\u00fdm v duchu\u00a0najnov\u0161\u00edch trendov interi\u00e9rov\u00e9ho dizajnu. Dokonale zapadne do atmosf\u00e9ry elegantn\u00fdch interi\u00e9rov a jemne pod\u010diarkne [&hellip;]<\/p>","protected":false},"featured_media":544,"comment_status":"open","ping_status":"closed","template":"","meta":{"_acf_changed":false,"om_disable_all_campaigns":false,"_monsterinsights_skip_tracking":false,"_monsterinsights_sitenote_active":false,"_monsterinsights_sitenote_note":"","_monsterinsights_sitenote_category":0},"product_brand":[40],"product_cat":[19],"product_tag":[],"class_list":{"0":"post-518","1":"product","2":"type-product","3":"status-publish","4":"has-post-thumbnail","6":"product_brand-aux","7":"product_cat-klimatizacia","9":"first","10":"instock","11":"taxable","12":"shipping-taxable","13":"purchasable","14":"product-type-simple"},"acf":[],"aioseo_notices":[],"_links":{"self":[{"href":"http:\/\/www.heatcooltech.sk\/en\/wp-json\/wp\/v2\/product\/518","targetHints":{"allow":["GET"]}}],"collection":[{"href":"http:\/\/www.heatcooltech.sk\/en\/wp-json\/wp\/v2\/product"}],"about":[{"href":"http:\/\/www.heatcooltech.sk\/en\/wp-json\/wp\/v2\/types\/product"}],"replies":[{"embeddable":true,"href":"http:\/\/www.heatcooltech.sk\/en\/wp-json\/wp\/v2\/comments?post=518"}],"wp:featuredmedia":[{"embeddable":true,"href":"http:\/\/www.heatcooltech.sk\/en\/wp-json\/wp\/v2\/media\/544"}],"wp:attachment":[{"href":"http:\/\/www.heatcooltech.sk\/en\/wp-json\/wp\/v2\/media?parent=518"}],"wp:term":[{"taxonomy":"product_brand","embeddable":true,"href":"http:\/\/www.heatcooltech.sk\/en\/wp-json\/wp\/v2\/product_brand?post=518"},{"taxonomy":"product_cat","embeddable":true,"href":"http:\/\/www.heatcooltech.sk\/en\/wp-json\/wp\/v2\/product_cat?post=518"},{"taxonomy":"product_tag","embeddable":true,"href":"http:\/\/www.heatcooltech.sk\/en\/wp-json\/wp\/v2\/product_tag?post=518"}],"curies":[{"name":"wp","href":"https:\/\/api.w.org\/{rel}","templated":true}]}}