{"id":524,"date":"2025-03-16T15:12:48","date_gmt":"2025-03-16T14:12:48","guid":{"rendered":"https:\/\/www.heatcooltech.sk\/?post_type=product&#038;p=524"},"modified":"2025-04-07T23:00:45","modified_gmt":"2025-04-07T21:00:45","slug":"klimatizacia-aux-m3-27lclh-multisplit","status":"publish","type":"product","link":"http:\/\/www.heatcooltech.sk\/en\/product\/klimatizacia-aux-m3-27lclh-multisplit\/","title":{"rendered":"Air conditioner AUX M3-27LCLH \u2013 multisplit"},"content":{"rendered":"<p>FLEXIBILN\u00c9 RIE\u0160ENIE KLIMATIZ\u00c1CI\u00cd PRE VIACER\u00c9 MIESTNOSTI Multi split syst\u00e9m AUX umo\u017e\u0148uje in\u0161tal\u00e1ciu\u00a02 a\u017e 5 vn\u00fatorn\u00fdch jednotiek\u00a0na jednu vonkaj\u0161iu jednotku. V ponuke je 6 modelov vn\u00fatorn\u00fdch jednotiek poskytuj\u00facich chladiaci v\u00fdkon od\u00a02,1 do 12,0 kW. Zariadenia pracuj\u00fa s ekologick\u00fdm chladivom\u00a0R32\u00a0a modernou invertorovou technol\u00f3giou, ktor\u00e1 poskytuje spo\u013eahlivos\u0165 a energetick\u00fa \u00fa\u010dinnos\u0165. Pon\u00fakaj\u00fa stabiln\u00fa prev\u00e1dzku v \u0161irokom rozsahu okolit\u00fdch tepl\u00f4t, v rozsahu\u00a0od -15 \u00b0C do 52 \u00b0C v re\u017eime chladenia a od -22 \u00b0C do 24 \u00b0C v re\u017eime vykurovania. Syst\u00e9m umo\u017e\u0148uje navrhn\u00fa\u0165 chladiace syst\u00e9my s celkovou d\u013a\u017ekou trasy a\u017e\u00a080 metrov\u00a0v z\u00e1vislosti od v\u00fdkonu kompresora a prev\u00fd\u0161enie do\u00a015 metrov. \u00daSPORA MIESTA A VYSOK\u00c1 FLEXIBILITA Multi split syst\u00e9m AUX umo\u017e\u0148uje pripoji\u0165\u00a02 a\u017e 5 vn\u00fatorn\u00fdch jednotiek\u00a0k jednej vonkaj\u0161ej jednotke. Zni\u017euje po\u010det vonkaj\u0161\u00edch jednotiek v porovnan\u00ed s jednotliv\u00fdmi syst\u00e9mami a pon\u00faka tak v\u00fdrazn\u00fa \u00fasporu miesta na fas\u00e1dach budov, strech\u00e1ch a balk\u00f3noch. Zariadenia sa navy\u0161e\u00a0nemusia in\u0161talova\u0165 s\u00fa\u010dasne\u00a0\u2013 syst\u00e9m je mo\u017en\u00e9 \u010dasom roz\u0161irova\u0165 o nov\u00e9 vn\u00fatorn\u00e9 jednotky so zachovan\u00edm zodpovedaj\u00facich v\u00fdkonov\u00fdch parametrov jednotliv\u00fdch \u010dast\u00ed klimatiza\u010dn\u00e9ho syst\u00e9mu. \u0160IROK\u00dd SORTIMENT VN\u00daTORN\u00ddCH JEDNOTIEK V\u017dDY DOBRE ZAPADNE DO PRIESTORU Sortiment AUX multi zariaden\u00ed zah\u0155\u0148a a\u017e\u00a06 typov vn\u00fatorn\u00fdch jednotiek\u00a0\u2013 kazetov\u00e9, kan\u00e1lov\u00e9, podlahovo-stropn\u00e9 a \u0161t\u00fdlov\u00e9 n\u00e1stenn\u00e9 jednotky. S\u00fa dostupn\u00e9 v r\u00f4znych variantoch chladiaceho v\u00fdkonu\u00a0od 2,05 do 7,03 kW. Tak\u00e1to \u0161irok\u00e1 \u0161k\u00e1la v\u00e1m umo\u017e\u0148uje prisp\u00f4sobi\u0165 jednotky ve\u013ekosti a typu miestnosti a potreb\u00e1m pou\u017e\u00edvate\u013eov. VYSOKO-KVALITN\u00dd INVERTOROV\u00dd KOMPRESOR JE Z\u00c1RUKA ENERGETICKEJ \u00da\u010cINNOSTI A SPO\u013dAHLIVOSTI Invertorov\u00fd rota\u010dn\u00fd kompresor klimatiz\u00e1ci\u00ed AUX\u00a0zaru\u010duje\u00a0spo\u013eahliv\u00fa a efekt\u00edvnu prev\u00e1dzku zariaden\u00ed\u00a0a najvy\u0161\u0161ie parametre energetickej \u00fa\u010dinnosti. Poskytuje tie\u017e\u00a0n\u00edzke prev\u00e1dzkov\u00e9 n\u00e1klady a n\u00edzku hladinu hluku. Odoln\u00e9 a kvalitn\u00e9 materi\u00e1ly kompresora zaru\u010duj\u00fa jeho dlh\u00fa a bezporuchov\u00fa prev\u00e1dzku. CHLADIVO R32 Ekologick\u00e9, vysoko \u00fa\u010dinn\u00e9 a bezpe\u010dn\u00e9! V\u0161etky klimatiza\u010dn\u00e9 jednotky AUX radu CAC pracuj\u00fa s najnov\u0161\u00edm ekologick\u00fdm chladivom\u00a0R32, ktor\u00e9 sa v porovnan\u00ed s be\u017ene pou\u017e\u00edvan\u00fdm chladivom R410A vyzna\u010duje\u00a0vy\u0161\u0161ou \u00fa\u010dinnos\u0165ou\u00a0a ni\u017e\u0161\u00edm sklen\u00edkov\u00fdm efektom. Nepo\u0161kodzuje ani oz\u00f3nov\u00fa vrstvu. VYSOK\u00c1 ENERGETICK\u00c1 \u00da\u010cINNOS\u0164 Garancia energeticky \u00faspornej prev\u00e1dzky V\u010faka pou\u017eitiu vysoko \u00fa\u010dinn\u00e9ho jednosmern\u00e9ho\u00a0invertorov\u00e9ho kompresora, nastavite\u013en\u00e9ho motora ventil\u00e1tora a pokro\u010dilej technol\u00f3gie\u00a0180\u00b0 s\u00ednusov\u00e9ho vektorov\u00e9ho riadenia\u00a0dosahuj\u00fa komer\u010dn\u00e9 syst\u00e9my AUX vysok\u00e9 parametre energetickej \u00fa\u010dinnosti a poskytuj\u00fa\u00a0spo\u013eahliv\u00fa a efekt\u00edvnu prev\u00e1dzku s n\u00edzkou spotrebou energie. V\u0161etky klimatiz\u00e1cie CAC s\u00fa triedy\u00a0A++ v re\u017eime chladenia a A+ v re\u017eime k\u00farenia. INTELIGENTN\u00c9 ROZMRAZOVANIE Efekt\u00edvna prev\u00e1dzka pri n\u00edzkych teplot\u00e1ch okolia Klimatiz\u00e1cia aktivuje re\u017eim odmrazovania iba v pr\u00edpade potreby a len na \u010das potrebn\u00fd na odmrazenie v\u00fdmenn\u00edka tepla, \u010do umo\u017e\u0148uje jednotke takmer\u00a0nepretr\u017eit\u00fa prev\u00e1dzku\u00a0v re\u017eime vykurovania.\u00a0Inteligentn\u00fd syst\u00e9m odmrazovania pou\u017e\u00edvan\u00fd v klimatiz\u00e1ci\u00e1ch AUX zlep\u0161uje energetick\u00fa \u00fa\u010dinnos\u0165 zariaden\u00ed o 5 % a zvy\u0161uje \u00fa\u010dinnos\u0165 vykurovania a\u017e o 20 % pri n\u00edzkych teplot\u00e1ch okolia. VYHRIEVANIE VANI\u010cKY VONKAJ\u0160EJ JEDNOTKY Efekt\u00edvna prev\u00e1dzka v re\u017eime vykurovania Prekon\u00e1vajte v\u00fdzvy zimn\u00e9ho po\u010dasia s na\u0161ou klimatiz\u00e1ciou, ktor\u00e1 je vybaven\u00e1\u00a0vyhrievanou vani\u010dkou kondenz\u00e1tu\u00a0vonkaj\u0161ej jednotky. T\u00e1to nevyhnutn\u00e1 funkcia\u00a0zabezpe\u010duje nepretr\u017eit\u00fd a efekt\u00edvny chod\u00a0va\u0161ej klimatiza\u010dnej jednotky aj v mraziv\u00fdch podmienkach, eliminuje probl\u00e9my so zam\u0155zan\u00edm a umo\u017e\u0148uje\u00a0optim\u00e1lny v\u00fdkon\u00a0po\u010das cel\u00e9ho roka. Vyhrievan\u00e1 vani\u010dka kondenz\u00e1tu\u00a0br\u00e1ni hromadeniu \u013eadu a snehu, \u010do znamen\u00e1, \u017ee va\u0161a klimatiz\u00e1cia\u00a0pracuje efekt\u00edvnej\u0161ie, \u0161etr\u00ed energiu a predl\u017euje \u017eivotnos\u0165\u00a0cel\u00e9ho syst\u00e9mu. Ide\u00e1lne pre dom\u00e1cnosti aj komer\u010dn\u00e9 priestory v chladnej\u0161\u00edch klimatick\u00fdch podmienkach, na\u0161e rie\u0161enie prin\u00e1\u0161a pokojn\u00fa myse\u013e s vedom\u00edm, \u017ee va\u0161a klimatiz\u00e1cia zostane spo\u013eahliv\u00e1 bez oh\u013eadu na po\u010dasie vonku. U\u017eite si konzistentn\u00e9 teplotn\u00e9 pohodlie s na\u0161ou inovat\u00edvnou funkciou, ktor\u00e1 je pripraven\u00e1 \u010deli\u0165 zime zo\u010di-vo\u010di. \u0160IROK\u00dd ROZSAH PREV\u00c1DZKY Spo\u013eahliv\u00e1 prev\u00e1dzka aj v nepriazniv\u00fdch poveternostn\u00fdch podmienkach Komer\u010dn\u00e9 klimatiza\u010dn\u00e9 syst\u00e9my AUX sa vyzna\u010duj\u00fa\u00a0spo\u013eahlivou a stabilnou prev\u00e1dzkou\u00a0aj pri extr\u00e9mnych teplot\u00e1ch okolia. V\u010faka pou\u017eitiu modern\u00fdch technol\u00f3gi\u00ed a kvalitn\u00fdch komponentov pracuj\u00fa AUX zariadenia v\u00a0\u0161irokom rozsahu vonkaj\u0161\u00edch tepl\u00f4t, t.j. od -15 \u00b0C do 52 \u00b0C v re\u017eime chladenia a od -20 \u00b0C do 24 \u00b0C v re\u017eime vykurovania, ktor\u00e9 poskytuj\u00fa vysok\u00fd komfort v miestnosti vo v\u0161etk\u00fdch ro\u010dn\u00fdch obdobiach. ANTIKOR\u00d3ZNY OBAL VONKAJ\u0160EJ JEDNOTKY Dlh\u0161ia \u017eivotnos\u0165 a lep\u0161ia estetika Kryt vonkaj\u0161ej jednotky je pokryt\u00fd mno\u017estvom ochrann\u00fdch vrstiev, ktor\u00e9 ju chr\u00e1nia pred hmyzom, hlodavcami, vlhkos\u0165ou, prachom a oh\u0148om. Zaru\u010duje\u00a0dlh\u00fa \u017eivotnos\u0165 zariadenia\u00a0a lep\u0161iu estetiku po mnoh\u00fdch rokoch vystavenia nepriazniv\u00fdm poveternostn\u00fdm podmienkam. AUTOMATICK\u00dd RE\u0160TART Pam\u00e4\u0165 nastavenia v pr\u00edpade v\u00fdpadku pr\u00fadu V pr\u00edpade v\u00fdpadku nap\u00e1jania zariadenie zaznamen\u00e1 posledn\u00e9 nastavenia a po obnoven\u00ed nap\u00e1jania sa re\u0161tartuje, \u010d\u00edm sa\u00a0automaticky obnov\u00ed predt\u00fdm nastaven\u00fd prev\u00e1dzkov\u00fd re\u017eim. 180\u00b0 S\u00cdNUSOV\u00c9 VLNY Hladk\u00fd a efekt\u00edvny chod kompresora DC invertorov\u00fd kompresor vyu\u017e\u00edva 180\u00b0 s\u00ednusov\u00e9 riadenie. Toto rie\u0161enie umo\u017e\u0148uje plynul\u00fd chod motora kompresora a v\u00fdrazne sa zvy\u0161uje \u00fa\u010dinnos\u0165. OPTIMALIZOVAN\u00dd DIZAJN POTRUBIA Zlep\u0161enie chladiacej kapacity Kon\u0161trukcia poskytuje dodato\u010dn\u00e9 chladenie a zvy\u0161uje chladiacu kapacitu oddelen\u00edm vstupu a v\u00fdstupu chladiva.<\/p>","protected":false},"excerpt":{"rendered":"<p>Outdoor Multi-Split Air Conditioning Unit for Three Indoor Units<span class=\"s1\">\u00a0<\/span><\/p>","protected":false},"featured_media":545,"comment_status":"open","ping_status":"closed","template":"","meta":{"_acf_changed":false,"om_disable_all_campaigns":false,"_monsterinsights_skip_tracking":false,"_monsterinsights_sitenote_active":false,"_monsterinsights_sitenote_note":"","_monsterinsights_sitenote_category":0},"product_brand":[40],"product_cat":[19],"product_tag":[],"class_list":{"0":"post-524","1":"product","2":"type-product","3":"status-publish","4":"has-post-thumbnail","6":"product_brand-aux","7":"product_cat-klimatizacia","9":"first","10":"instock","11":"taxable","12":"shipping-taxable","13":"purchasable","14":"product-type-simple"},"acf":[],"aioseo_notices":[],"_links":{"self":[{"href":"http:\/\/www.heatcooltech.sk\/en\/wp-json\/wp\/v2\/product\/524","targetHints":{"allow":["GET"]}}],"collection":[{"href":"http:\/\/www.heatcooltech.sk\/en\/wp-json\/wp\/v2\/product"}],"about":[{"href":"http:\/\/www.heatcooltech.sk\/en\/wp-json\/wp\/v2\/types\/product"}],"replies":[{"embeddable":true,"href":"http:\/\/www.heatcooltech.sk\/en\/wp-json\/wp\/v2\/comments?post=524"}],"wp:featuredmedia":[{"embeddable":true,"href":"http:\/\/www.heatcooltech.sk\/en\/wp-json\/wp\/v2\/media\/545"}],"wp:attachment":[{"href":"http:\/\/www.heatcooltech.sk\/en\/wp-json\/wp\/v2\/media?parent=524"}],"wp:term":[{"taxonomy":"product_brand","embeddable":true,"href":"http:\/\/www.heatcooltech.sk\/en\/wp-json\/wp\/v2\/product_brand?post=524"},{"taxonomy":"product_cat","embeddable":true,"href":"http:\/\/www.heatcooltech.sk\/en\/wp-json\/wp\/v2\/product_cat?post=524"},{"taxonomy":"product_tag","embeddable":true,"href":"http:\/\/www.heatcooltech.sk\/en\/wp-json\/wp\/v2\/product_tag?post=524"}],"curies":[{"name":"wp","href":"https:\/\/api.w.org\/{rel}","templated":true}]}}