{"id":541,"date":"2025-03-16T15:12:49","date_gmt":"2025-03-16T14:12:49","guid":{"rendered":"https:\/\/www.heatcooltech.sk\/?post_type=product&#038;p=541"},"modified":"2025-04-07T23:21:42","modified_gmt":"2025-04-07T21:21:42","slug":"klimatizacia-samsung-wind-free-comfort-5-kw","status":"publish","type":"product","link":"http:\/\/www.heatcooltech.sk\/en\/product\/klimatizacia-samsung-wind-free-comfort-5-kw\/","title":{"rendered":"Air conditioner Samsung Wind Free Comfort 5 kW set"},"content":{"rendered":"<p>Pr\u00edjemn\u00fd chlad bez pocitu zimy Chladenie Wind-Free\u2122 V\u010faka chladeniu Wind-Free\u2122 si m\u00f4\u017eete u\u017e\u00edva\u0165 pr\u00edjemn\u00fa teplotu v\u00a0miestnosti bez prievanu. Jemne* a\u00a0ticho** rozpty\u013euje vzduch cez 23\u00a0000 mikro dierok bez nepr\u00edjemn\u00e9ho siln\u00e9ho pr\u00fadenia mraziv\u00e9ho vzduchu. V\u010faka pokro\u010dil\u00e9mu riadeniu pr\u00fadenia vzduchu tie\u017e rovnomernej\u0161ie vychlad\u00ed \u0161ir\u0161iu a\u00a0v\u00e4\u010d\u0161iu plochu. A\u00a0dokonca spotreb\u00fava a\u017e o\u00a077\u00a0% menej energie ako v\u00a0re\u017eime r\u00fdchleho chladenia***. * Zdru\u017eenie ASHRAE (American Society of Heating, Refrigerating, and Air-Conditioning Engineers) definuje \u201ebezvetrie\u201c ako pr\u00fadenie vzduchu pomal\u0161ie ako 0,15\u00a0m\/s bez studen\u00e9ho prievanu.** Testovan\u00e9 na modeli AR12TXCAAWKNEU. V\u00a0re\u017eime Wind-Free\u2122 je \u00farove\u0148 hluku iba 23\u00a0dB(A) v\u00a0porovnan\u00ed s\u00a0hlukom 26dB(A) pri konven\u010dn\u00fdch modeloch Samsung.*** Testovan\u00e9 na modeli AR07T9170HA3 na z\u00e1klade spotreby energie v\u00a0re\u017eime r\u00fdchleho chladenia a\u00a0re\u017eime chladenia Wind-Free\u2122. Ni\u017e\u0161ia spotreba energie a\u017e o\u00a077 %* Chladenie Wind-Free\u2122 (s\u00a0\u00fasporou energie) V\u010faka energeticky efekt\u00edvnej funkcii Wind-Free\u2122 \u0161etr\u00edte peniaze ka\u017ed\u00fd de\u0148. Ke\u010f je aktivovan\u00fd re\u017eim Wind-Free\u2122, vonkaj\u0161ia jednotka spotreb\u00fava len minimum energie \u2013 a\u017e o\u00a077\u00a0% menej ako v\u00a0re\u017eime r\u00fdchleho chladenia*. M\u00f4\u017eete si tak u\u017e\u00edva\u0165 pr\u00edjemn\u00fd chlad bez ob\u00e1v z\u00a0\u00fa\u010dtov za elektrinu. * Testovan\u00e9 na modeli AR07T9170HA3 na z\u00e1klade spotreby energie v\u00a0re\u017eime r\u00fdchleho chladenia a\u00a0re\u017eime chladenia Wind-Free\u2122. Inteligentnej\u0161\u00ed sp\u00f4sob \u017eivota na dosah AI Auto Comfort S\u00a0funkciou AI Auto Comfort* m\u00e1te inteligentnej\u0161\u00ed sp\u00f4sob \u017eivota na dosah. T\u00e1to funkcia automaticky optimalizuje rozli\u010dn\u00e9 re\u017eimy na z\u00e1klade anal\u00fdzy podmienok v\u00a0miestnosti a\u00a0vzorov pou\u017e\u00edvania**. Pod\u013ea va\u0161ej preferovanej teploty automaticky vyberie najvhodnej\u0161\u00ed re\u017eim na zabezpe\u010denie optim\u00e1lnych podmienok. Neporovnate\u013ene lep\u0161\u00ed sp\u00e1nok po\u010das celej noci Wind-Free\u2122 Good Sleep Re\u017eim Wind-Free\u2122 Good Sleep pon\u00faka ide\u00e1lne teplotn\u00e9 podmienky pre sp\u00e1nok bez nepr\u00edjemn\u00e9ho studen\u00e9ho prievanu. V\u010faka regul\u00e1cii teploty s\u00a0funkciou chladenia Wind-Free\u2122 v\u00e1m pom\u00f4\u017ee r\u00fdchlo zaspa\u0165, spa\u0165 hlbok\u00fdm sp\u00e1nkom a\u00a0zobudi\u0165 sa svie\u017ei. Navrhnut\u00e9 pre r\u00fdchlej\u0161ie chladenie so \u0161ir\u0161\u00edm a\u00a0dlh\u0161\u00edm dosahom R\u00fdchle chladenie R\u00fdchlo vychlad\u00ed ka\u017ed\u00fd k\u00fat miestnosti pre neust\u00e1ly pocit pohodlia. V\u010faka technol\u00f3gii zosilnenia digit\u00e1lneho invertora ochlad\u00ed vzduch a\u017e o\u00a043\u00a0% r\u00fdchlej\u0161ie*. Jeho pokro\u010dil\u00fd dizajn sa vyzna\u010duje aj o\u00a015\u00a0% v\u00e4\u010d\u0161\u00edm ventil\u00e1torom, o\u00a018\u00a0% \u0161ir\u0161\u00edm pr\u00edvodom a\u00a0o\u00a031\u00a0% \u0161ir\u0161\u00edmi lopatkami. Studen\u00fd vzduch sa tak m\u00f4\u017ee \u0161\u00edri\u0165 \u010falej a\u00a0v \u0161ir\u0161om rozsahu** \u2013 a\u00a0to a\u017e do 15\u00a0metrov. Vzdialen\u00e9 ovl\u00e1danie kedyko\u013evek a\u00a0odkia\u013eko\u013evek SmartThings Ovl\u00e1dajte teplotu vo svojej dom\u00e1cnosti kedyko\u013evek a\u00a0odkia\u013eko\u013evek. Pomocou aplik\u00e1cie SmartThings* m\u00f4\u017eete vzdialene monitorova\u0165 a\u00a0sledova\u0165 klimatiz\u00e1ciu jedin\u00fdm dotykom. Pr\u00edpadne syst\u00e9mu umelej inteligencie (AI) jednoducho povedzte*, \u010do chcete**, a\u00a0sprav\u00ed to za v\u00e1s. Dokonca v\u00e1m odporu\u010d\u00ed najvhodnej\u0161ie nastavenia. Jednoducho sa vy\u010dist\u00ed \u2013 \u00faplne automaticky Automatick\u00e9 \u010distenie (v\u00a03\u00a0krokoch) \u010cist\u00fd vzduch bez n\u00e1mahy. Funkcia automatick\u00e9ho \u010distenia automaticky vysu\u0161\u00ed v\u00fdmenn\u00edk tepla v\u00a03\u00a0krokoch. F\u00fakan\u00edm vzduchu na v\u00fdmenn\u00edk po\u010das 10 a\u017e 30 min\u00fat ho zbav\u00ed vlhkosti. T\u00fdm zabra\u0148uje mno\u017eeniu bakt\u00e9ri\u00ed a\u00a0nepr\u00edjemn\u00e9mu z\u00e1pachu. Tich\u0161ia a\u00a0pokojnej\u0161ia dom\u00e1cnos\u0165 Menej hluku Vychla\u010fte svoje obytn\u00e9 priestory bez ru\u0161iv\u00e9ho hluku. Hoci kompresor produkuje siln\u00fd pr\u00fad vzduchu, je naozaj tich\u00fd, ke\u010f\u017ee pou\u017e\u00edva dvojr\u00farov\u00fd tlmi\u010d. Taktie\u017e stlmuje hluk toku chladiva pri prev\u00e1dzke na vysok\u00fd v\u00fdkon a\u00a0minimalizuje okolit\u00fd hluk pri prev\u00e1dzke na n\u00edzky v\u00fdkon*. * Na z\u00e1klade testovania uskuto\u010dnen\u00e9ho v\u00a0internom laborat\u00f3riu. Vo frekven\u010dnom p\u00e1sme 1\u00a0kHz, \u010do je najni\u017e\u0161ia \u00farove\u0148 zvuku, ktor\u00fa dok\u00e1\u017eu \u013eudia vn\u00edma\u0165, pon\u00faka zn\u00ed\u017eenie hluku a\u017e o\u00a040\u00a0%. Antibakteri\u00e1lny filter s\u00a0jednoduch\u00fdm \u010disten\u00edm Filter Easy Plus Zabezpe\u010di\u0165 efekt\u00edvne fungovanie klimatiz\u00e1cie je hra\u010dka. Filter Easy Plus sa nach\u00e1dza zvonka na hornej strane, tak\u017ee ho mo\u017eno jednoducho vybra\u0165 a\u00a0vy\u010disti\u0165. Hust\u00e1 sie\u0165ovina zabezpe\u010duje, \u017ee v\u00fdmenn\u00edk tepla zostane \u010dist\u00fd, k\u00fdm\u00a0antibakteri\u00e1lny povrch v\u00e1s chr\u00e1ni pred nebezpe\u010dn\u00fdmi ne\u010distotami vo vzduchu*. Zabra\u0148uje kor\u00f3zii pre dlhodob\u00e9 chladenie DuraFin\u2122 Plus U\u017e\u00edvajte si pr\u00edjemn\u00fd chlad omnoho dlh\u0161ie. V\u00fdmenn\u00edk tepla Ocean Fin je vyroben\u00fd z\u00a0materi\u00e1lu odoln\u00e9ho proti kor\u00f3zii, ktor\u00fd ho chr\u00e1ni pred zhrdzaven\u00edm. M\u00f4\u017eete si tak dlhodobo u\u017e\u00edva\u0165 optim\u00e1lny v\u00fdkon v\u00fdmenn\u00edka tepla. \u0160pi\u010dkov\u00e1 odolnos\u0165 proti kor\u00f3zii bola preuk\u00e1zan\u00e1 480-hodinov\u00fdm testom SST (rozpra\u0161ovanie slanej vody)*. Chladivo priate\u013esk\u00e9 k\u00a0\u017eivotn\u00e9mu prostrediu Chladiace m\u00e9dium R32 Chr\u00e1\u0148te na\u0161u plan\u00e9tu zmiernen\u00edm dopadu klimatick\u00fdch zmien. Klimatiz\u00e1cia pou\u017e\u00edva chladiace m\u00e9dium R32 novej gener\u00e1cie, ktor\u00e9 nenaru\u0161uje oz\u00f3nov\u00fa vrstvu a\u00a0v\u00a0porovnan\u00ed s\u00a0tradi\u010dn\u00fdmi chladiacimi m\u00e9diami R22 a\u00a0R410A m\u00e1 len mal\u00fd dopad na glob\u00e1lne otep\u013eovanie. Je preto omnoho viac priate\u013esk\u00e9 k\u00a0\u017eivotn\u00e9mu prostrediu*. Energeticky aj finan\u010dne \u00fa\u010dinn\u00e9 chladenie Re\u017eim ECO Chladenie nemus\u00ed by\u0165 energeticky n\u00e1ro\u010dn\u00e9. V\u00a0re\u017eime ECO sa vyu\u017e\u00edva men\u0161ia kapacita kompresora v\u00a0porovnan\u00ed s\u00a0norm\u00e1lnym re\u017eimom, \u010d\u00edm sa zni\u017euje spotreba energie*. Umo\u017e\u0148uje v\u00e1m t\u00fdm efekt\u00edvnej\u0161ie schladi\u0165 miestnos\u0165, ke\u010f vonku nie je pr\u00edli\u0161 hor\u00faco, pr\u00edpadne u\u0161etri\u0165 energiu a\u00a0peniaze pri ak\u00fdchko\u013evek podmienkach, aby ste sa u\u017e viac nemuseli b\u00e1\u0165 \u00fa\u010dtu za elektrinu.<\/p>","protected":false},"excerpt":{"rendered":"<p>Pr\u00edjemn\u00fd chlad bez pocitu zimy Chladenie Wind-Free\u2122 V\u010faka chladeniu Wind-Free\u2122 si m\u00f4\u017eete u\u017e\u00edva\u0165 pr\u00edjemn\u00fa teplotu v\u00a0miestnosti bez prievanu. Jemne* a\u00a0ticho** rozpty\u013euje vzduch cez 23\u00a0000 mikro dierok bez nepr\u00edjemn\u00e9ho siln\u00e9ho pr\u00fadenia mraziv\u00e9ho vzduchu. V\u010faka pokro\u010dil\u00e9mu riadeniu pr\u00fadenia vzduchu tie\u017e rovnomernej\u0161ie vychlad\u00ed \u0161ir\u0161iu a\u00a0v\u00e4\u010d\u0161iu plochu. A\u00a0dokonca spotreb\u00fava a\u017e o\u00a077\u00a0% menej energie ako v\u00a0re\u017eime r\u00fdchleho chladenia***. * Zdru\u017eenie [&hellip;]<\/p>","protected":false},"featured_media":1507,"comment_status":"open","ping_status":"closed","template":"","meta":{"_acf_changed":false,"om_disable_all_campaigns":false,"_monsterinsights_skip_tracking":false,"_monsterinsights_sitenote_active":false,"_monsterinsights_sitenote_note":"","_monsterinsights_sitenote_category":0},"product_brand":[37],"product_cat":[19],"product_tag":[],"class_list":{"0":"post-541","1":"product","2":"type-product","3":"status-publish","4":"has-post-thumbnail","6":"product_brand-samsung","7":"product_cat-klimatizacia","9":"first","10":"instock","11":"taxable","12":"shipping-taxable","13":"purchasable","14":"product-type-simple"},"acf":[],"aioseo_notices":[],"_links":{"self":[{"href":"http:\/\/www.heatcooltech.sk\/en\/wp-json\/wp\/v2\/product\/541","targetHints":{"allow":["GET"]}}],"collection":[{"href":"http:\/\/www.heatcooltech.sk\/en\/wp-json\/wp\/v2\/product"}],"about":[{"href":"http:\/\/www.heatcooltech.sk\/en\/wp-json\/wp\/v2\/types\/product"}],"replies":[{"embeddable":true,"href":"http:\/\/www.heatcooltech.sk\/en\/wp-json\/wp\/v2\/comments?post=541"}],"wp:featuredmedia":[{"embeddable":true,"href":"http:\/\/www.heatcooltech.sk\/en\/wp-json\/wp\/v2\/media\/1507"}],"wp:attachment":[{"href":"http:\/\/www.heatcooltech.sk\/en\/wp-json\/wp\/v2\/media?parent=541"}],"wp:term":[{"taxonomy":"product_brand","embeddable":true,"href":"http:\/\/www.heatcooltech.sk\/en\/wp-json\/wp\/v2\/product_brand?post=541"},{"taxonomy":"product_cat","embeddable":true,"href":"http:\/\/www.heatcooltech.sk\/en\/wp-json\/wp\/v2\/product_cat?post=541"},{"taxonomy":"product_tag","embeddable":true,"href":"http:\/\/www.heatcooltech.sk\/en\/wp-json\/wp\/v2\/product_tag?post=541"}],"curies":[{"name":"wp","href":"https:\/\/api.w.org\/{rel}","templated":true}]}}