{"id":560,"date":"2025-03-16T15:13:11","date_gmt":"2025-03-16T14:13:11","guid":{"rendered":"https:\/\/www.heatcooltech.sk\/?post_type=product&#038;p=560"},"modified":"2025-04-07T23:19:16","modified_gmt":"2025-04-07T21:19:16","slug":"klimatizacia-toshiba-super-daiseikai-9-25-kw-ras-10pkvpg-e-ras-10pavpg-e","status":"publish","type":"product","link":"http:\/\/www.heatcooltech.sk\/en\/product\/klimatizacia-toshiba-super-daiseikai-9-25-kw-ras-10pkvpg-e-ras-10pavpg-e\/","title":{"rendered":"Air conditioner Toshiba Super Daiseikai 9 2,5 kW RAS-10PKVPG-E RAS-10PAVPG-E set"},"content":{"rendered":"<p>Hybrid-Invertorov\u00e1 regul\u00e1cia Ke\u010f je rozdiel medzi po\u017eadovanou a jestvuj\u00facou teplotou zna\u010dn\u00fd, vtedy invertor zapne m\u00f3d PAM, pod\u00e1 vysok\u00fd v\u00fdkon a t\u00fdmto sp\u00f4sobom dosiahne r\u00fdchlo po\u017eadovan\u00fd komfort. Pri men\u0161om rozdiele spom\u00ednan\u00fdch tepl\u00f4t prepne invertor na m\u00f3d PWM. V tomto re\u017eime je potrebn\u00fd elektrick\u00fd pr\u00edkon minim\u00e1lny a \u00fa\u010dinnos\u0165 maxim\u00e1lna. Pri mnoh\u00fdch invertorov\u00fdch klimatiza\u010dn\u00fdch jednotk\u00e1ch sa vyu\u017e\u00edva aspo\u0148 jedna z t\u00fdchto regul\u00e1ci\u00ed. No len hybrid-invertor na jednosmern\u00fd pr\u00fad TOSHIBA integruje obidve technol\u00f3gie paralelne a v\u010faka tomu dosahuje optim\u00e1lne v\u00fdsledky. Kompresor s dvojit\u00fdm rota\u010dn\u00fdm piestom V\u00fdhody invertorovej technol\u00f3gie sa \u010falej optimalizuj\u00fa v spojen\u00ed s kompresormi s dvojit\u00fdm rota\u010dn\u00fdm piestom TOSHIBA. Pri v\u00fdkone v rozsahu 20 % \u2013 100 % umo\u017e\u0148uj\u00fa v\u00fdborn\u00fa regul\u00e1ciu po\u010dtu ot\u00e1\u010dok. Prachov\u00fd filter S\u00e9riovo s\u00fa v\u0161etky klimatiza\u010dn\u00e9 jednotky TOSHIBA vybaven\u00e9 ve\u013ek\u00fdmi, um\u00fdvate\u013en\u00fdmi plastov\u00fdmi filtrami, ktor\u00e9 pokr\u00fdvaj\u00fa cel\u00fd tepeln\u00fd v\u00fdmenn\u00edk. Vzduch sa hne\u010f pri vstupe do jednotky \u010dist\u00ed od hrub\u00fdch ne\u010dist\u00f4t a prachov\u00fdch \u010dast\u00edc. Plazmov\u00fd filter Plazmov\u00fd filter TOSHIBA je elektrick\u00fd \u010disti\u010d vzduchu, ktor\u00fd pracuje v dvoch stup\u0148och. Zabezpe\u010duje filtr\u00e1ciu najmen\u0161\u00edch \u010dast\u00edc a dosahuje \u00fa\u010dinnos\u0165, ktor\u00fa be\u017en\u00e9 filtra\u010dn\u00e9 syst\u00e9my nedok\u00e1\u017eu zabezpe\u010di\u0165, preto\u017ee jeho elektrostatick\u00e9 bunky s\u00fa schopn\u00e9 odstr\u00e1ni\u0165 zo vzduchu a\u017e do 99% v\u0161etk\u00fdch \u0161kodliv\u00edn. SUPER-ioniz\u00e1tor \u00daplne \u010derstvou novinkou v programe v\u00fdrobkov TOSHIBA je ioniz\u00e1tor SUPER, ktor\u00fd spolo\u010dne s plazmov\u00fdm filtrom p\u00f4sob\u00ed akt\u00edvne proti ne\u010distot\u00e1m. Nepatrne mal\u00e9 SUPER-i\u00f3ny s ve\u013ekos\u0165ou jednej nanotis\u00edciny obklopia ne\u017eelan\u00e9 \u010dastice ne\u010dist\u00f4t, \u010d\u00edm ich zne\u0161kodnia. SUPER i\u00f3ny maj\u00fa okrem toho pozit\u00edvny vplyv na vlhkos\u0165 a pru\u017enos\u0165 \u013eudskej poko\u017eky. Ioniz\u00e1tor SUPER je exkluz\u00edvne zabudovan\u00fd v modeloch jednotiek Daiseikai 9 a spolu s vysoko\u00fa\u010dinn\u00fdm plazmov\u00fdm filtrom poskytuje perfektn\u00fa a \u010dist\u00fa kl\u00edmu prostredia. Funkcia samo\u010distenia Aby mohla klimatiza\u010dn\u00e1 jednotka vyfukova\u0165 \u010dist\u00fd vzduch, mus\u00ed by\u0165 aj ona samotn\u00e1 v \u010distom stave. Preto vyvinula TOSHIBA syst\u00e9m samo\u010distenia, ktor\u00fd redukuje vlhkos\u0165 vo vn\u00fatri jednotky, \u010d\u00edm predch\u00e1dzame vzniku pr\u00edpadn\u00fdch plesn\u00ed. Po ukon\u010den\u00ed prev\u00e1dzky vn\u00fatornej jednotky be\u017e\u00ed v nej umiestnen\u00fd ventil\u00e1tor \u010falej, \u010d\u00edm vysu\u0161uje celkov\u00fa vlhkos\u0165 na tepelnom v\u00fdmenn\u00edku. N\u00e1sledne sa ventil\u00e1tor automaticky vypne. Automatick\u00fd m\u00f3d Automatick\u00fd v\u00fdber prev\u00e1dzky \u2013 chladenie, k\u00farenie alebo ventil\u00e1tor. Hi \u2013 Power HI \u2013 POWER spust\u00ed mimoriadne siln\u00e9 pr\u00fadenie vzduchu pre r\u00fdchle ochladenie a dosiahnutie \u017eelanej teploty. Autodiagnostika Zariadenie pri poruche samo ur\u010d\u00ed pr\u00ed\u010dinu poruchy a pomocou chybov\u00fdch k\u00f3dov ozn\u00e1mi svoj stav. Ekologick\u00fd m\u00f3d Pre energeticky \u00fasporn\u00fa prev\u00e1dzku bud\u00fa teplota miestnosti, ot\u00e1\u010dky ventil\u00e1tora a prev\u00e1dzkov\u00fd m\u00f3d automaticky regulovan\u00e9. Tich\u00fd m\u00f3d TOSHIBA klimatiza\u010dn\u00e9 zariadenia s\u00fa zn\u00e1me pre absol\u00fatne tich\u00e9 prevedenie vn\u00fatorn\u00fdch a vonkaj\u0161\u00edch zariaden\u00ed. S aktivovan\u00edm \u201etich\u00e9ho re\u017eimu\u201c m\u00f4\u017eete ovl\u00e1da\u0165 r\u00fdchlos\u0165 ventil\u00e1tora cez jedno tla\u010didlo na \u00farove\u0148 r\u00fdchlosti ak\u00fa si \u017eel\u00e1te. Cez to sa zn\u00ed\u017ei hlu\u010dnos\u0165 vn\u00fatorn\u00fdch zariaden\u00ed Daiseikai a Suzumi Plus o \u010fal\u0161ie 3dB(A). Komfortn\u00fd sp\u00e1nok V noci je teplota zvy\u010dajne ni\u017e\u0161ia ako cez de\u0148 a rovnomern\u00e9 chladenie m\u00f4\u017ee by\u0165 poci\u0165ovan\u00e9 ako ru\u0161iv\u00fd faktor. Aktiv\u00e1ciou tla\u010didla \u201eCOMFORT SLEEP\u201c v prev\u00e1dzke chladenia je pr\u00edpustn\u00fd n\u00e1rast teploty v interi\u00e9ri na dve a\u017e tri hodiny o jeden stupe\u0148 Celzia za hodinu, \u010do zaru\u010duje optim\u00e1lny komfort po\u010das sp\u00e1nku. WIFI ovl\u00e1danie Toshiba S wifi adapt\u00e9rom m\u00f4\u017ee by\u0165 ovl\u00e1dan\u00e9 klimatiza\u010dn\u00e9 zariadenie cez mobiln\u00e9 pr\u00edstroje, ako napr\u00edklad smartf\u00f3ny, tablety alebo PC. K tomu je potrebn\u00e1 WIFI sie\u0165, ako aj extern\u00fd ovl\u00e1da\u010d, ktor\u00fd je nain\u0161talovan\u00fd v bl\u00edzkosti\/vo vn\u00fatri klimatiza\u010dn\u00e9ho zariadenia. Syst\u00e9m sa aktivuje resp. ovl\u00e1da cez aplik\u00e1ciu a poskytuje tak najvy\u0161\u0161ie pohodlie. ( pokia\u013e nie je uveden\u00e9 inak ide o volite\u013en\u00e9 pr\u00edslu\u0161enstvo) T\u00fd\u017edenn\u00fd \u010dasov\u00fd sp\u00edna\u010d So 4 vo\u013ene naprogramovate\u013en\u00fdmi nastaveniami na de\u0148, resp. so 7 r\u00f4znymi programami na t\u00fd\u017ede\u0148 (zap\/ vyp, teplota, prev\u00e1dzkov\u00fd re\u017eim a r\u00fdchlos\u0165 ot\u00e1\u010dok ventil\u00e1tora) Automatick\u00fd re\u0161tart Klimatiz\u00e1cia sa po vypadnut\u00ed pr\u00fadu znovu automaticky zapne do predvolen\u00e9ho nastavenia. Temperovanie na 8 \u00b0C Funkcia protimrazovej ochrany zabezpe\u010duje kon\u0161tantn\u00e9 temperovanie na 8 \u00b0C. Prednastavenie re\u017eimu Prednastavenie re\u017eimu \u2013 ulo\u017e\u00ed vybran\u00e9 nastavenie do pam\u00e4te na pou\u017eitie pri \u010fal\u0161om spusten\u00ed. Power selection Obmedzenie v\u00fdkonu a t\u00fdm aj \u0161etrenie energie o 25, 50 alebo 75 %. Tich\u00fd re\u017eim pre vonkaj\u0161iu jednotku V niektor\u00fdch pr\u00edpadoch m\u00f4\u017eete ma\u0165 obavy, aby ste v no\u010dn\u00fdch hodin\u00e1ch neru\u0161ili hlukom svojich susedov \u2013 hlavne v husto zastavan\u00fdch oblastiach alebo v radov\u00fdch domoch.Modelov\u00fd rad Toshiba Daiseikai 9 disponuje funkciou \u201eSilent Modes\u201c, ktor\u00e1 umo\u017e\u0148uje nastavenie dvoch tich\u00fdch re\u017eimov aj pre vonkaj\u0161iu jednotku klimatiz\u00e1cie. ONE TOUCH ONE TOUCH ovl\u00e1danie na jeden dotyk, automatick\u00fd chod naprogramovan\u00fd pod\u013ea potrieb typick\u00e9ho z\u00e1kazn\u00edka v jeho \u010dasti sveta.<\/p>","protected":false},"excerpt":{"rendered":"<p>Hybrid-Invertorov\u00e1 regul\u00e1cia Ke\u010f je rozdiel medzi po\u017eadovanou a jestvuj\u00facou teplotou zna\u010dn\u00fd, vtedy invertor zapne m\u00f3d PAM, pod\u00e1 vysok\u00fd v\u00fdkon a t\u00fdmto sp\u00f4sobom dosiahne r\u00fdchlo po\u017eadovan\u00fd komfort. Pri men\u0161om rozdiele spom\u00ednan\u00fdch tepl\u00f4t prepne invertor na m\u00f3d PWM. V tomto re\u017eime je potrebn\u00fd elektrick\u00fd pr\u00edkon minim\u00e1lny a \u00fa\u010dinnos\u0165 maxim\u00e1lna. Pri mnoh\u00fdch invertorov\u00fdch klimatiza\u010dn\u00fdch jednotk\u00e1ch sa vyu\u017e\u00edva aspo\u0148 [&hellip;]<\/p>","protected":false},"featured_media":562,"comment_status":"open","ping_status":"closed","template":"","meta":{"_acf_changed":false,"om_disable_all_campaigns":false,"_monsterinsights_skip_tracking":false,"_monsterinsights_sitenote_active":false,"_monsterinsights_sitenote_note":"","_monsterinsights_sitenote_category":0},"product_brand":[39],"product_cat":[19],"product_tag":[],"class_list":{"0":"post-560","1":"product","2":"type-product","3":"status-publish","4":"has-post-thumbnail","6":"product_brand-toshiba","7":"product_cat-klimatizacia","9":"first","10":"instock","11":"taxable","12":"shipping-taxable","13":"purchasable","14":"product-type-simple"},"acf":[],"aioseo_notices":[],"_links":{"self":[{"href":"http:\/\/www.heatcooltech.sk\/en\/wp-json\/wp\/v2\/product\/560","targetHints":{"allow":["GET"]}}],"collection":[{"href":"http:\/\/www.heatcooltech.sk\/en\/wp-json\/wp\/v2\/product"}],"about":[{"href":"http:\/\/www.heatcooltech.sk\/en\/wp-json\/wp\/v2\/types\/product"}],"replies":[{"embeddable":true,"href":"http:\/\/www.heatcooltech.sk\/en\/wp-json\/wp\/v2\/comments?post=560"}],"wp:featuredmedia":[{"embeddable":true,"href":"http:\/\/www.heatcooltech.sk\/en\/wp-json\/wp\/v2\/media\/562"}],"wp:attachment":[{"href":"http:\/\/www.heatcooltech.sk\/en\/wp-json\/wp\/v2\/media?parent=560"}],"wp:term":[{"taxonomy":"product_brand","embeddable":true,"href":"http:\/\/www.heatcooltech.sk\/en\/wp-json\/wp\/v2\/product_brand?post=560"},{"taxonomy":"product_cat","embeddable":true,"href":"http:\/\/www.heatcooltech.sk\/en\/wp-json\/wp\/v2\/product_cat?post=560"},{"taxonomy":"product_tag","embeddable":true,"href":"http:\/\/www.heatcooltech.sk\/en\/wp-json\/wp\/v2\/product_tag?post=560"}],"curies":[{"name":"wp","href":"https:\/\/api.w.org\/{rel}","templated":true}]}}