{"id":692,"date":"2025-03-16T22:06:38","date_gmt":"2025-03-16T21:06:38","guid":{"rendered":"https:\/\/www.heatcooltech.sk\/?post_type=product&#038;p=692"},"modified":"2025-04-09T19:50:48","modified_gmt":"2025-04-09T17:50:48","slug":"klimatizacia-bosch-set-cl3000i-set-26-e-26-29-kw-1-4-3-8%e2%80%b3","status":"publish","type":"product","link":"http:\/\/www.heatcooltech.sk\/en\/product\/klimatizacia-bosch-set-cl3000i-set-26-e-26-29-kw-1-4-3-8%e2%80%b3\/","title":{"rendered":"Klimatiz\u00e1cia Bosch set CL3000i-Set 26 E, 2,6\/2,9 KW"},"content":{"rendered":"<p>Najlep\u0161\u00ed pomer ceny a\u00a0v\u00fdkonu Zariadenie pon\u00faka mnoho funkci\u00ed a\u00a0v\u010faka triede ErP A++ je mimoriadne efekt\u00edvne. Ochrana proti kor\u00f3zii sa postar\u00e1 o\u00a0dlh\u00fa \u017eivotnos\u0165. Okrem toho funguje Climate 3000i mimoriadne potichu. Okam\u017eit\u00fd komfort zvl\u00e1dnut\u00fd s\u00a0\u013eahkos\u0165ou Jednoducho pou\u017eite dia\u013ekov\u00fd ovl\u00e1da\u010d alebo aplik\u00e1ciu Bosch HomeCom Easy (prostredn\u00edctvom pr\u00edslu\u0161enstva Bosch IP-Gateway) a\u00a0vyberte si \u017eelan\u00fa funkciu pre vychladenie alebo vyk\u00farenie v\u00e1\u0161ho interi\u00e9ru.* * na vzdialen\u00fa komunik\u00e1ciu cez Wi-Fi prostredn\u00edctvom aplik\u00e1cie je potrebn\u00fd modul Bosch IP-Gateway V\u017edy \u010dist\u00fd a\u00a0zdrav\u00fd vzduch Efekt\u00edvna funkcia i-Clean odstra\u0148uje \u0161kodliv\u00e9 bakt\u00e9rie zahriat\u00edm vzduchu vo v\u00fdparn\u00edku a\u017e na teplotu 56\u00a0\u00b0C. V\u010faka tomu pr\u00fadi do miestnosti iba \u010dist\u00fd vzduch.<\/p>","protected":false},"excerpt":{"rendered":"<div class=\"ProductDescription_top\">\n<div class=\"ProductDescription_claim -size-l\">\n<p>Air Conditioning with the Best Price-to-Performance Ratio.<\/p>\n<\/div>\n<\/div>\n<div class=\"ProductDescription_middle\">\n<p>The Climate 3000i not only cools your room efficiently, but it also serves as a reliable additional heating source even at low outdoor temperatures.\nThanks to its comfort features, you can enjoy the ideal temperature and good air quality in your home all year round.<\/p>\n<\/div>","protected":false},"featured_media":699,"comment_status":"open","ping_status":"closed","template":"","meta":{"_acf_changed":false,"om_disable_all_campaigns":false,"_monsterinsights_skip_tracking":false,"_monsterinsights_sitenote_active":false,"_monsterinsights_sitenote_note":"","_monsterinsights_sitenote_category":0},"product_brand":[36],"product_cat":[19],"product_tag":[],"class_list":{"0":"post-692","1":"product","2":"type-product","3":"status-publish","4":"has-post-thumbnail","6":"product_brand-bosch","7":"product_cat-klimatizacia","9":"first","10":"instock","11":"taxable","12":"shipping-taxable","13":"purchasable","14":"product-type-simple"},"acf":[],"aioseo_notices":[],"_links":{"self":[{"href":"http:\/\/www.heatcooltech.sk\/en\/wp-json\/wp\/v2\/product\/692","targetHints":{"allow":["GET"]}}],"collection":[{"href":"http:\/\/www.heatcooltech.sk\/en\/wp-json\/wp\/v2\/product"}],"about":[{"href":"http:\/\/www.heatcooltech.sk\/en\/wp-json\/wp\/v2\/types\/product"}],"replies":[{"embeddable":true,"href":"http:\/\/www.heatcooltech.sk\/en\/wp-json\/wp\/v2\/comments?post=692"}],"wp:featuredmedia":[{"embeddable":true,"href":"http:\/\/www.heatcooltech.sk\/en\/wp-json\/wp\/v2\/media\/699"}],"wp:attachment":[{"href":"http:\/\/www.heatcooltech.sk\/en\/wp-json\/wp\/v2\/media?parent=692"}],"wp:term":[{"taxonomy":"product_brand","embeddable":true,"href":"http:\/\/www.heatcooltech.sk\/en\/wp-json\/wp\/v2\/product_brand?post=692"},{"taxonomy":"product_cat","embeddable":true,"href":"http:\/\/www.heatcooltech.sk\/en\/wp-json\/wp\/v2\/product_cat?post=692"},{"taxonomy":"product_tag","embeddable":true,"href":"http:\/\/www.heatcooltech.sk\/en\/wp-json\/wp\/v2\/product_tag?post=692"}],"curies":[{"name":"wp","href":"https:\/\/api.w.org\/{rel}","templated":true}]}}