{"id":695,"date":"2025-03-16T22:07:39","date_gmt":"2025-03-16T21:07:39","guid":{"rendered":"https:\/\/www.heatcooltech.sk\/?post_type=product&#038;p=695"},"modified":"2025-04-09T19:51:57","modified_gmt":"2025-04-09T17:51:57","slug":"klimatizacia-bosch-set-cl7000i-set-35-e-35-41-kw-1-4-3-8%e2%80%b3","status":"publish","type":"product","link":"http:\/\/www.heatcooltech.sk\/en\/product\/klimatizacia-bosch-set-cl7000i-set-35-e-35-41-kw-1-4-3-8%e2%80%b3\/","title":{"rendered":"Klimatiz\u00e1cia Bosch set CL7000i-Set 35 E, 3,5\/4,1 KW"},"content":{"rendered":"<p>>Vysoko \u00fa\u010dinn\u00fd produkt, ktor\u00fd \u0161etr\u00ed energiu Vynikaj\u00faci stupe\u0148 energetickej \u00fa\u010dinnosti v\u00a0z\u00e1vislosti od ro\u010dn\u00e9ho obdobia (SEER\/SCOP) a\u017e do A+++ pri chladen\u00ed aj\u00a0vykurovan\u00ed. Funkcia Save Plus zni\u017euje spotrebu energie a\u00a0s\u00fa\u010dasne udr\u017eiava \u017eelan\u00fa teplotu v\u00a0miestnosti pre va\u0161e maxim\u00e1lne pohodlie. Po 30 min\u00fatach bez rozpoznan\u00e9ho pohybu zapne senzor pr\u00edtomnosti funkciu Save Plus, aby sa zn\u00ed\u017eila spotreba energie. Funkcia Meni\u010d v\u00fdkonu dok\u00e1\u017ee obmedzi\u0165 v\u00fdkon zariadenia. Ak chcete u\u0161etri\u0165, jednoducho zvo\u013ete men\u0161\u00ed odber energie. Vychutnajte si vynikaj\u00facu kvalitu vzduchu Vyspel\u00e1 ioniza\u010dn\u00e1 technol\u00f3gia produkuje mili\u00f3ny i\u00f3nov, ktor\u00e9 efekt\u00edvne ni\u010dia v\u00edrusy a\u00a0bakt\u00e9rie. Funkcia iClean odstra\u0148uje prach, plesne a\u00a0mastnotu z\u00a0v\u00fdmenn\u00edka tepla vn\u00fatornej jednotky, \u010d\u00edm predch\u00e1dza z\u00e1pachu a\u00a0mno\u017eeniu bakt\u00e9ri\u00ed. HD filter (s\u00a0vysokou hustotou) a\u00a0katalytick\u00fd filter br\u00e1nia pr\u00edtomnosti \u0161kodliv\u00fdch l\u00e1tok vo va\u0161ej dom\u00e1cnosti. Mno\u017estvo funkci\u00ed pre maxim\u00e1lny komfort. Funkcia 3D pr\u00fadenia vyu\u017e\u00edva vertik\u00e1lne a\u00a0horizont\u00e1lne smerovanie vzduchu tak, aby zabezpe\u010dila rovnomern\u00fa distrib\u00faciu vzduchu do miestnosti. Funkcia Silent Mode \u2013 tich\u00fd re\u017eim vn\u00fatornej jednotky \u2013 zni\u017euje hlu\u010dnos\u0165 ventil\u00e1tora a\u017e na 19\u00a0dB(A). S\u00a0funkciou Follow Me meria zariadenie teplotu v\u00a0miestnosti tam, kde sa nach\u00e1dza dia\u013ekov\u00e9 ovl\u00e1danie, a\u00a0nie na vn\u00fatornej jednotke. Funkcia Wind Avoid Me nasmeruje pr\u00fad vzduchu z\u00a0vn\u00fatornej jednotky tak, aby zabr\u00e1nila f\u00fakaniu vzduchu priamo na v\u00e1s. Konektivita V\u010faka integrovan\u00e9mu Wi-Fi modulu m\u00f4\u017eete zariadenie spoji\u0165 s\u00a0aplik\u00e1ciou Bosch HomeCom Easy a\u00a0ovl\u00e1da\u0165 ho cez smartf\u00f3n. Vysk\u00fa\u0161ajte pohodln\u00e9 ovl\u00e1danie klimatiz\u00e1cie pomocou hlasov\u00e9ho ovl\u00e1dania namiesto be\u017en\u00e9ho dia\u013ekov\u00e9ho ovl\u00e1da\u010da. K ovl\u00e1daniu zariadenia cez Wi-Fi ani hlasov\u00e9mu ovl\u00e1daniu nie s\u00fa potrebn\u00e9 \u017eiadne dodato\u010dn\u00e9 moduly ani pr\u00edslu\u0161enstvo.<\/p>","protected":false},"excerpt":{"rendered":"<div class=\"ProductDescription_top\">\n<div class=\"ProductDescription_claim -size-l\">\n<p>Air conditioning unit with a unique design and impressive energy efficiency for both cooling and heating.<\/p>\n<\/div>\n<\/div>\n<div class=\"ProductDescription_middle\">\n<p>The Climate 7000i not only cools your room effectively but also serves as an additional heating source even at low outdoor temperatures. With its comfort features, you can enjoy the perfect temperature and excellent air quality all year round.<\/p>\n<\/div>","protected":false},"featured_media":699,"comment_status":"open","ping_status":"closed","template":"","meta":{"_acf_changed":false,"om_disable_all_campaigns":false,"_monsterinsights_skip_tracking":false,"_monsterinsights_sitenote_active":false,"_monsterinsights_sitenote_note":"","_monsterinsights_sitenote_category":0},"product_brand":[36],"product_cat":[19],"product_tag":[],"class_list":{"0":"post-695","1":"product","2":"type-product","3":"status-publish","4":"has-post-thumbnail","6":"product_brand-bosch","7":"product_cat-klimatizacia","9":"first","10":"instock","11":"taxable","12":"shipping-taxable","13":"purchasable","14":"product-type-simple"},"acf":[],"aioseo_notices":[],"_links":{"self":[{"href":"http:\/\/www.heatcooltech.sk\/en\/wp-json\/wp\/v2\/product\/695","targetHints":{"allow":["GET"]}}],"collection":[{"href":"http:\/\/www.heatcooltech.sk\/en\/wp-json\/wp\/v2\/product"}],"about":[{"href":"http:\/\/www.heatcooltech.sk\/en\/wp-json\/wp\/v2\/types\/product"}],"replies":[{"embeddable":true,"href":"http:\/\/www.heatcooltech.sk\/en\/wp-json\/wp\/v2\/comments?post=695"}],"wp:featuredmedia":[{"embeddable":true,"href":"http:\/\/www.heatcooltech.sk\/en\/wp-json\/wp\/v2\/media\/699"}],"wp:attachment":[{"href":"http:\/\/www.heatcooltech.sk\/en\/wp-json\/wp\/v2\/media?parent=695"}],"wp:term":[{"taxonomy":"product_brand","embeddable":true,"href":"http:\/\/www.heatcooltech.sk\/en\/wp-json\/wp\/v2\/product_brand?post=695"},{"taxonomy":"product_cat","embeddable":true,"href":"http:\/\/www.heatcooltech.sk\/en\/wp-json\/wp\/v2\/product_cat?post=695"},{"taxonomy":"product_tag","embeddable":true,"href":"http:\/\/www.heatcooltech.sk\/en\/wp-json\/wp\/v2\/product_tag?post=695"}],"curies":[{"name":"wp","href":"https:\/\/api.w.org\/{rel}","templated":true}]}}