{"id":525,"date":"2025-03-16T15:12:48","date_gmt":"2025-03-16T14:12:48","guid":{"rendered":"https:\/\/www.heatcooltech.sk\/?post_type=product&#038;p=525"},"modified":"2025-04-07T23:01:15","modified_gmt":"2025-04-07T21:01:15","slug":"tepelne-cerpadlo-aux-split-vzduch-voda-63kw","status":"publish","type":"product","link":"https:\/\/www.heatcooltech.sk\/en\/product\/tepelne-cerpadlo-aux-split-vzduch-voda-63kw\/","title":{"rendered":"Heat pump AUX split air\/water 6,3kW set"},"content":{"rendered":"<p>H\u013ead\u00e1te efekt\u00edvne a ekonomick\u00e9 rie\u0161enie na vykurovanie a chladenie v\u00e1\u0161ho domova? Predstavujeme v\u00e1m tepeln\u00e9 \u010derpadlo AUX \u2013 revol\u00faciu v oblasti dom\u00e1ceho komfortu, dostupn\u00fa exkluz\u00edvne u n\u00e1s na \u010cesko-Slovenskom trhu. S tepeln\u00fdm \u010derpadlom AUX z\u00edskate nielen v\u00fdnimo\u010dn\u00fa \u00fa\u010dinnos\u0165 a spo\u013eahlivos\u0165, ale aj bezprobl\u00e9mov\u00fa in\u0161tal\u00e1ciu a dlh\u00fa \u017eivotnos\u0165 zariadenia.\u00a0A to v\u0161etko s dopravou zdarma! Pre\u010do zvoli\u0165 tepeln\u00e9 \u010derpadlo AUX? Vysok\u00e1 \u00fa\u010dinnos\u0165:\u00a0Tepeln\u00e9 \u010derpadlo AUX s v\u00fdkonom\u00a08,4 kW\u00a0je ide\u00e1lnym rie\u0161en\u00edm pre men\u0161ie a stredne ve\u013ek\u00e9 priestory, poskytuj\u00fac vysok\u00fa energetick\u00fa \u00fa\u010dinnos\u0165 s minim\u00e1lnymi n\u00e1kladmi na prev\u00e1dzku. Splitov\u00fd syst\u00e9m:\u00a0Sklad\u00e1 sa z vn\u00fatornej a vonkaj\u0161ej jednotky, \u010d\u00edm zabezpe\u010duje vynikaj\u00facu energetick\u00fa efektivitu a \u00fasporu energie pri prev\u00e1dzke. Tich\u00e1 prev\u00e1dzka:\u00a0S AUX tepeln\u00fdm \u010derpadlom sa nemus\u00edte ob\u00e1va\u0165 ru\u0161iv\u00e9ho hluku. Je navrhnut\u00e9 tak, aby poskytovalo maxim\u00e1lny komfort s minim\u00e1lnym hlukom. Dlh\u00e1 \u017eivotnos\u0165 a spo\u013eahlivos\u0165:\u00a0V\u010faka pou\u017eit\u00fdm inovat\u00edvnym technol\u00f3gi\u00e1m a vysokokvalitn\u00fdm materi\u00e1lom si m\u00f4\u017eete by\u0165 ist\u00ed dlhou spo\u013eahlivos\u0165ou a trvanlivos\u0165ou. V\u0161estrannos\u0165:\u00a0Tepeln\u00e9 \u010derpadlo AUX je schopn\u00e9 vykurova\u0165 va\u0161e priestory a z\u00e1rove\u0148 efekt\u00edvne vyr\u00e1ba\u0165 tepl\u00fa \u00fa\u017eitkov\u00fa vodu pre va\u0161e podlahov\u00e9 k\u00farenie, Fancoily alebo radi\u00e1tory. Energetick\u00e1 efektivita:\u00a0Vyu\u017e\u00edva energiu zo vzduchu, \u010do znamen\u00e1, \u017ee n\u00e1klady na vykurovanie s\u00fa minim\u00e1lne. S AUX tepeln\u00fdm \u010derpadlom skoro neplat\u00edte za teplo. Jednoduch\u00e1 in\u0161tal\u00e1cia a \u00fadr\u017eba:\u00a0Profesion\u00e1lna in\u0161tal\u00e1cia a jednoduch\u00e1 \u00fadr\u017eba zabezpe\u010duj\u00fa dlhodob\u00fa efektivitu a bezprobl\u00e9mov\u00e9 pou\u017e\u00edvanie. Inovat\u00edvne technol\u00f3gie pre v\u00e1\u0161 domov AUX neprest\u00e1va inovova\u0165 v oblasti tepeln\u00fdch \u010derpadiel. S pokro\u010dil\u00fdmi funkciami ako invertorov\u00e1 technol\u00f3gia pre maxim\u00e1lnu \u00fasporu energie, r\u00f4zne re\u017eimy prev\u00e1dzky a mo\u017enos\u0165ou inteligentn\u00e9ho ovl\u00e1dania, je tepeln\u00e9 \u010derpadlo AUX na \u0161pi\u010dke technologick\u00e9ho pokroku. Navy\u0161e, v\u010faka \u0161irok\u00e9mu rozsahu v\u00fdkonu, AUX tepeln\u00e9 \u010derpadlo vyhovie ka\u017edej potrebe vykurovania, \u010d\u00edm zabezpe\u010d\u00ed pohodlie va\u0161ej dom\u00e1cnosti po cel\u00fd rok. Zhrnutie Invest\u00edcia do tepeln\u00e9ho \u010derpadla AUX je invest\u00edciou do kvality, efektivity a dlhodobej udr\u017eate\u013enosti. Pon\u00fakan\u00e9 exkluz\u00edvne zast\u00fapenie v \u010cesko-Slovensku, AUX predstavuje spo\u013eahliv\u00e9 rie\u0161enie pre v\u00e1\u0161 domov, ktor\u00e9 v\u00e1m zabezpe\u010d\u00ed pohodlie a \u00fasporu n\u00e1kladov na vykurovanie a chladenie. Objednajte si svoje tepeln\u00e9 \u010derpadlo AUX e\u0161te dnes a \u0161etrite na energi\u00e1ch a u\u017e\u00edvajte si teplo domova.<\/p>","protected":false},"excerpt":{"rendered":"<p>This unique heat pump will reliably produce not only domestic hot water (DHW), but also warm water for your underfloor heating, radiators, or fan coils. It uses energy from the air, so your heating costs are minimal. Installation is simple \u2014 and after that, you can just enjoy the cozy warmth of your home without worry.<\/p>","protected":false},"featured_media":828,"comment_status":"open","ping_status":"closed","template":"","meta":{"_acf_changed":false,"om_disable_all_campaigns":false,"_monsterinsights_skip_tracking":false,"_monsterinsights_sitenote_active":false,"_monsterinsights_sitenote_note":"","_monsterinsights_sitenote_category":0},"product_brand":[40],"product_cat":[20],"product_tag":[],"class_list":{"0":"post-525","1":"product","2":"type-product","3":"status-publish","4":"has-post-thumbnail","6":"product_brand-aux","7":"product_cat-tepelne-cerpadlo","9":"first","10":"instock","11":"taxable","12":"shipping-taxable","13":"purchasable","14":"product-type-simple"},"acf":[],"aioseo_notices":[],"_links":{"self":[{"href":"https:\/\/www.heatcooltech.sk\/en\/wp-json\/wp\/v2\/product\/525","targetHints":{"allow":["GET"]}}],"collection":[{"href":"https:\/\/www.heatcooltech.sk\/en\/wp-json\/wp\/v2\/product"}],"about":[{"href":"https:\/\/www.heatcooltech.sk\/en\/wp-json\/wp\/v2\/types\/product"}],"replies":[{"embeddable":true,"href":"https:\/\/www.heatcooltech.sk\/en\/wp-json\/wp\/v2\/comments?post=525"}],"wp:featuredmedia":[{"embeddable":true,"href":"https:\/\/www.heatcooltech.sk\/en\/wp-json\/wp\/v2\/media\/828"}],"wp:attachment":[{"href":"https:\/\/www.heatcooltech.sk\/en\/wp-json\/wp\/v2\/media?parent=525"}],"wp:term":[{"taxonomy":"product_brand","embeddable":true,"href":"https:\/\/www.heatcooltech.sk\/en\/wp-json\/wp\/v2\/product_brand?post=525"},{"taxonomy":"product_cat","embeddable":true,"href":"https:\/\/www.heatcooltech.sk\/en\/wp-json\/wp\/v2\/product_cat?post=525"},{"taxonomy":"product_tag","embeddable":true,"href":"https:\/\/www.heatcooltech.sk\/en\/wp-json\/wp\/v2\/product_tag?post=525"}],"curies":[{"name":"wp","href":"https:\/\/api.w.org\/{rel}","templated":true}]}}