{"id":556,"date":"2025-03-16T15:13:11","date_gmt":"2025-03-16T14:13:11","guid":{"rendered":"https:\/\/www.heatcooltech.sk\/?post_type=product&#038;p=556"},"modified":"2025-04-07T22:55:51","modified_gmt":"2025-04-07T20:55:51","slug":"klimatizacia-toshiba-seiya-65-kw-ras-24e2kvg-e-ras-24e2avg-e","status":"publish","type":"product","link":"https:\/\/www.heatcooltech.sk\/en\/product\/klimatizacia-toshiba-seiya-65-kw-ras-24e2kvg-e-ras-24e2avg-e\/","title":{"rendered":"Air conditioner Toshiba Seiya 6,5 kW RAS-24E2KVG-E RAS-24E2AVG-E set"},"content":{"rendered":"<p>V\u00fdhody v\u00fdrobku Ve\u013emi dobr\u00e1 energetick\u00e1 efekt\u00edvnos\u0165 (A++) Farebn\u00e9, stmievate\u013en\u00e9 LED ukazovatele Alternat\u00edva k\u00e1blov\u00e9ho pripojenia pre IR dia\u013ekov\u00e9 ovl\u00e1danie Chladivo R32 s n\u00edzkou hodnotou GWP Vzduch ako zdroj energie vo vykurovacej prev\u00e1dzke Kompaktn\u00e9 vonkaj\u0161ie avn\u00fatorn\u00e9 jednotky Re\u017eim \u0161epkania \u010cist\u00fd vzduch v miestnosti Um\u00fdvate\u013en\u00e9 prachov\u00e9 filtre, ktor\u00e9 pokr\u00fdvaj\u00fa cel\u00fd tepeln\u00fd v\u00fdmenn\u00edk Filtra\u010dn\u00e9 p\u00e1siky Ultra Fresh: neutralizuj\u00fa a\u017e 99,9 % bakt\u00e9ri\u00ed a v\u00edrusov; deodorizuj\u00faci \u00fa\u010dinok proti z\u00e1pachom; 85 % \u00fa\u010dinnos\u0165 proti \u010diasto\u010dk\u00e1m drobn\u00e9ho prachu PM2,5 Bezpra\u0161n\u00e9 vinutie lamiel tepeln\u00e9ho v\u00fdmenn\u00edka Funkcia samo\u010distenia vysu\u0161\u00ed tepeln\u00fd v\u00fdmenn\u00edk na konci prev\u00e1dzky Volite\u013en\u00e9 katech\u00ednov\u00e9 filtra\u010dn\u00e9 p\u00e1siky s akt\u00edvnym uhl\u00edm Volite\u013en\u00e9 filtra\u010dn\u00e9 p\u00e1siky Indoor Air Quality Volite\u013en\u00e9 filtra\u010dn\u00e9 p\u00e1siky Ultra Pure 2. Komfortn\u00e9 ovl\u00e1danie Infra\u010derven\u00e9 dia\u013ekov\u00e9 ovl\u00e1danie pribalen\u00e9 Mo\u017enos\u0165 pripojenia kWiFi Volite\u013en\u00e9 riadenie prostredn\u00edctvom aplik\u00e1cie v smartf\u00f3ne alebo tablete 24-hodinov\u00fd \u010dasova\u010d zap.\/vyp. Automatick\u00fd re\u017eim Funkcia pam\u00e4te PRESET Hi Power Funkcia QUIET vn\u00fatornej jednotky Funkcia SILENT vonkaj\u0161ie jednotky, 2-stup\u0148ov\u00e1 Lamela Swing &amp; Fix Funkcia temperovania na 8\u00b0C Automatick\u00fd re\u0161tart po v\u00fdpadku elektrick\u00e9ho pr\u00fadu je nastavite\u013eny \u0160peci\u00e1lne funkcie WiFi Ovl\u00e1danie zapnutia\/vypnutia v\u0161etk\u00fdch vn\u00fatorn\u00fdch jednotiek a skup\u00edn T\u00fd\u017edenn\u00fd \u010dasova\u010d pre v\u0161etky vn\u00fatorn\u00e9 jednotky askupiny Nastavenie v\u0161etk\u00fdch vn\u00fatorn\u00fdch jednotiek askup\u00edn Ukazovate\u013e vn\u00fatornej teploty Ukazovate\u013e vonkaj\u0161ej teploty Power Select Detsk\u00e1 poistka Druh prev\u00e1dzky ECO Druh prev\u00e1dzky \u201eFireplace\u201c (kozub) Druh prev\u00e1dzky \u201eHi-Power\u201c (vysok\u00fd v\u00fdkon) Energy Monitoring<\/p>","protected":false},"excerpt":{"rendered":"<p>V\u00fdhody v\u00fdrobku Ve\u013emi dobr\u00e1 energetick\u00e1 efekt\u00edvnos\u0165 (A++) Farebn\u00e9, stmievate\u013en\u00e9 LED ukazovatele Alternat\u00edva k\u00e1blov\u00e9ho pripojenia pre IR dia\u013ekov\u00e9 ovl\u00e1danie Chladivo R32 s n\u00edzkou hodnotou GWP Vzduch ako zdroj energie vo vykurovacej prev\u00e1dzke Kompaktn\u00e9 vonkaj\u0161ie avn\u00fatorn\u00e9 jednotky Re\u017eim \u0161epkania \u010cist\u00fd vzduch v miestnosti Um\u00fdvate\u013en\u00e9 prachov\u00e9 filtre, ktor\u00e9 pokr\u00fdvaj\u00fa cel\u00fd tepeln\u00fd v\u00fdmenn\u00edk Filtra\u010dn\u00e9 p\u00e1siky Ultra Fresh: neutralizuj\u00fa a\u017e [&hellip;]<\/p>","protected":false},"featured_media":561,"comment_status":"open","ping_status":"closed","template":"","meta":{"_acf_changed":false,"om_disable_all_campaigns":false,"_monsterinsights_skip_tracking":false,"_monsterinsights_sitenote_active":false,"_monsterinsights_sitenote_note":"","_monsterinsights_sitenote_category":0},"product_brand":[39],"product_cat":[19],"product_tag":[],"class_list":{"0":"post-556","1":"product","2":"type-product","3":"status-publish","4":"has-post-thumbnail","6":"product_brand-toshiba","7":"product_cat-klimatizacia","9":"first","10":"instock","11":"taxable","12":"shipping-taxable","13":"purchasable","14":"product-type-simple"},"acf":[],"aioseo_notices":[],"_links":{"self":[{"href":"https:\/\/www.heatcooltech.sk\/en\/wp-json\/wp\/v2\/product\/556","targetHints":{"allow":["GET"]}}],"collection":[{"href":"https:\/\/www.heatcooltech.sk\/en\/wp-json\/wp\/v2\/product"}],"about":[{"href":"https:\/\/www.heatcooltech.sk\/en\/wp-json\/wp\/v2\/types\/product"}],"replies":[{"embeddable":true,"href":"https:\/\/www.heatcooltech.sk\/en\/wp-json\/wp\/v2\/comments?post=556"}],"wp:featuredmedia":[{"embeddable":true,"href":"https:\/\/www.heatcooltech.sk\/en\/wp-json\/wp\/v2\/media\/561"}],"wp:attachment":[{"href":"https:\/\/www.heatcooltech.sk\/en\/wp-json\/wp\/v2\/media?parent=556"}],"wp:term":[{"taxonomy":"product_brand","embeddable":true,"href":"https:\/\/www.heatcooltech.sk\/en\/wp-json\/wp\/v2\/product_brand?post=556"},{"taxonomy":"product_cat","embeddable":true,"href":"https:\/\/www.heatcooltech.sk\/en\/wp-json\/wp\/v2\/product_cat?post=556"},{"taxonomy":"product_tag","embeddable":true,"href":"https:\/\/www.heatcooltech.sk\/en\/wp-json\/wp\/v2\/product_tag?post=556"}],"curies":[{"name":"wp","href":"https:\/\/api.w.org\/{rel}","templated":true}]}}