{"id":567,"date":"2025-03-16T15:13:22","date_gmt":"2025-03-16T14:13:22","guid":{"rendered":"https:\/\/www.heatcooltech.sk\/?post_type=product&#038;p=567"},"modified":"2025-04-07T22:54:44","modified_gmt":"2025-04-07T20:54:44","slug":"klimatizacia-mitsubishi-kirigamine-zen-biela-42-kw-msz-ef42vgkw-muz-ef42vg","status":"publish","type":"product","link":"https:\/\/www.heatcooltech.sk\/en\/product\/klimatizacia-mitsubishi-kirigamine-zen-biela-42-kw-msz-ef42vgkw-muz-ef42vg\/","title":{"rendered":"Air conditioner Mitsubishi Kirigamine Zen white 4,2 kW (MSZ-EF42VGKW \/ MUZ-EF42VG) set"},"content":{"rendered":"<p>Dizajnov\u00e1 klimatiz\u00e1cia s\u00a0unik\u00e1tnym tvarom Vn\u00fatorn\u00e9 jednotky v 3 farebn\u00fdch\u00a0prevedeniach:\u00a0biela,\u010dierna, strieborn\u00e1 Energetick\u00e1 trieda\u00a0A++ \/ A+++ Nano platinum filter\u00a0(um\u00fdvate\u013en\u00fd a op\u00e4\u0165 pou\u017eite\u013en\u00fd) Vlastnosti:\u00a0Dual Air Guide, Econo Cool, \u010dasova\u010d,\u00a0Wi-Fi adapt\u00e9r\u00a0je s\u00fa\u010das\u0165ou, funkcia\u00a0I Save, re\u0161tart po v\u00fdpadku elektriny, re\u017eimy pre \u0161etrenie energie,\u00a0 nastavenie polohy\u00a0lamely, automatick\u00fd regul\u00e1cia ventil\u00e1tora.. Hlu\u010dnos\u0165 modelov v rozmedz\u00ed od\u00a021 \u2013 40 dBA Dia\u013ekov\u00e9 infra. ovl\u00e1danie s funkciou t\u00fd\u017edenn\u00e9ho \u010dasova\u010da v z\u00e1kladnej v\u00fdbave<\/p>","protected":false},"excerpt":{"rendered":"<p>These units combine exceptional design with high energy efficiency. They were developed specifically for stylish interiors of modern buildings. A perfect harmony of design, performance, and low noise levels. GOOD DESIGN AWARD \u2013 the design unit received recognition for its symbiosis of energy-saving technology and minimalist, elegant aesthetics. An infrared remote control is included in the price.<\/p>","protected":false},"featured_media":577,"comment_status":"open","ping_status":"closed","template":"","meta":{"_acf_changed":false,"om_disable_all_campaigns":false,"_monsterinsights_skip_tracking":false,"_monsterinsights_sitenote_active":false,"_monsterinsights_sitenote_note":"","_monsterinsights_sitenote_category":0},"product_brand":[38],"product_cat":[19],"product_tag":[],"class_list":{"0":"post-567","1":"product","2":"type-product","3":"status-publish","4":"has-post-thumbnail","6":"product_brand-mitsubishi","7":"product_cat-klimatizacia","9":"first","10":"instock","11":"taxable","12":"shipping-taxable","13":"purchasable","14":"product-type-simple"},"acf":[],"aioseo_notices":[],"_links":{"self":[{"href":"https:\/\/www.heatcooltech.sk\/en\/wp-json\/wp\/v2\/product\/567","targetHints":{"allow":["GET"]}}],"collection":[{"href":"https:\/\/www.heatcooltech.sk\/en\/wp-json\/wp\/v2\/product"}],"about":[{"href":"https:\/\/www.heatcooltech.sk\/en\/wp-json\/wp\/v2\/types\/product"}],"replies":[{"embeddable":true,"href":"https:\/\/www.heatcooltech.sk\/en\/wp-json\/wp\/v2\/comments?post=567"}],"wp:featuredmedia":[{"embeddable":true,"href":"https:\/\/www.heatcooltech.sk\/en\/wp-json\/wp\/v2\/media\/577"}],"wp:attachment":[{"href":"https:\/\/www.heatcooltech.sk\/en\/wp-json\/wp\/v2\/media?parent=567"}],"wp:term":[{"taxonomy":"product_brand","embeddable":true,"href":"https:\/\/www.heatcooltech.sk\/en\/wp-json\/wp\/v2\/product_brand?post=567"},{"taxonomy":"product_cat","embeddable":true,"href":"https:\/\/www.heatcooltech.sk\/en\/wp-json\/wp\/v2\/product_cat?post=567"},{"taxonomy":"product_tag","embeddable":true,"href":"https:\/\/www.heatcooltech.sk\/en\/wp-json\/wp\/v2\/product_tag?post=567"}],"curies":[{"name":"wp","href":"https:\/\/api.w.org\/{rel}","templated":true}]}}