{"id":573,"date":"2025-03-16T15:13:23","date_gmt":"2025-03-16T14:13:23","guid":{"rendered":"https:\/\/www.heatcooltech.sk\/?post_type=product&#038;p=573"},"modified":"2025-04-07T22:52:45","modified_gmt":"2025-04-07T20:52:45","slug":"klimatizacia-mitsubishi-diamond-hyperheating-biela-35-kw-msz-ln35vg2w-muz-ln35vg2","status":"publish","type":"product","link":"https:\/\/www.heatcooltech.sk\/en\/product\/klimatizacia-mitsubishi-diamond-hyperheating-biela-35-kw-msz-ln35vg2w-muz-ln35vg2\/","title":{"rendered":"Air conditioner Mitsubishi Diamond Hyperheating white 3,5 kW (MSZ-LN35VG2W + MUZ-LN35VG2) set"},"content":{"rendered":"<p>Elegantn\u00e1 a v\u00fdkonn\u00e1, optimalizovan\u00e1 na vykurovanie \u2013 MSZ-LN\/MUZ-LN-VGHZ Predstavujeme V\u00e1m dizajnov\u00fa klimatiz\u00e1ciu Mitsubishi Electric \u2013 vn\u00fatorn\u00fa n\u00e1stenn\u00fa jednotku MSZ-LN v kombin\u00e1cii s vonkaj\u0161ou jednotkou s\u00e9rie MUZ-LN-VGHZ. Ide o dokonal\u00fa harm\u00f3niu dizajnu, efektivity a n\u00edzkej hlu\u010dnosti. Jednotky s technol\u00f3giou Hyperheating pon\u00fakaj\u00fa plnohodnotn\u00e9 energeticky \u00fasporn\u00e9 vykurovanie klimatiz\u00e1ciou testovan\u00e9 v n\u00e1ro\u010dn\u00fdch podmienkach. N\u00e1stenn\u00e9 klimatiz\u00e1cie z tejto pr\u00e9miovej rady s\u00fa vybaven\u00e9 podsvieten\u00fdm displejom na IR ovl\u00e1da\u010di, ktor\u00fd je u\u017e v cene zariadenia. Jednotky je mo\u017en\u00e9 pou\u017ei\u0165 aj v multisplitovom zapojen\u00ed. Vonkaj\u0161ia jednotka je optimalizovan\u00e1 pre \u00fasporn\u00e9 vykurovanie a testovan\u00e1 v seversk\u00fdch krajin\u00e1ch. Je schopn\u00e1 \u00fa\u010dinne a spo\u013eahlivo vykurova\u0165 a\u017e pod -25 \u00b0C v exteri\u00e9ri. Vylep\u0161en\u00e1 kon\u0161trukcia vonkaj\u0161ej jednotky minimalizuje zam\u0155zanie kondenz\u00e1tu v jej spodnej \u010dasti. Klimatiz\u00e1cia pou\u017e\u00edva ekologick\u00e9 chladivo R32. Ide o nov\u00fd typ chladiva, ktor\u00e9 na rozdiel od chladiva R410A zni\u017euje dopad na \u017eivotn\u00e9 prostredie o 68%, \u013eah\u0161ie sa recykluje a poskytuje vy\u0161\u0161iu \u00fa\u010dinnos\u0165. Dod\u00e1vame v 4 farebn\u00fdch prevedeniach: pr\u00edrodn\u00e1 biela, perle\u0165ov\u00e1 biela, onyxovo \u010dierna, rub\u00ednovo \u010derven\u00e1 s IR ovl\u00e1da\u010dom vo farbe jednotky. Je vhodn\u00e1 pre rodinn\u00e9 a bytov\u00e9 domy,\u00a0v\u00edkendov\u00e9 chaty, kostoly, sklady, prev\u00e1dzky, \u0161koly, \u0161portov\u00e9 haly a pod. Klimatiz\u00e1cie Mitsubishi s\u00fa d\u00f4kladne testovan\u00e9 a z\u00e1kladom podnikania Mitsubishi Electric je presnos\u0165 a kvalita. Zna\u010dka m\u00e1 v\u00fdrobu vo vlastn\u00fdch tov\u00e1r\u0148ach s plnou kontrolou aj nad najmen\u0161\u00edmi detailami v\u00fdsledn\u00e9ho produktu. Z\u00edskate tak sol\u00eddnu kon\u0161trukciu od jedn\u00e9ho v\u00fdrobcu a nie zbierku dielov r\u00f4znych subdod\u00e1vate\u013eov. V\u00fdrobky Mitsubishi Electric maj\u00fa ve\u013emi m\u00e1lo reklam\u00e1ci\u00ed a maj\u00fa dlh\u00fa \u017eivotnos\u0165. So zna\u010dkou Mitsubishi m\u00e1te z\u00e1ruku, \u017ee syst\u00e9m bol navrhnut\u00fd tak, aby fungoval aj v n\u00e1ro\u010dn\u00fdch podmienkach. Surov\u00e1 sila je badate\u013en\u00e1 vo v\u0161etk\u00fdch detailoch. Zariadenie patr\u00ed medzi vysoko funk\u010dn\u00e9 klimatiz\u00e1cie so skvel\u00fdm v\u00fdkonom a patr\u00ed medzi najd\u00f4myselnej\u0161ie tepeln\u00e9 \u010derpadl\u00e1 vzduch-vzduch, ak\u00e9 kedy Mitsubishi Electric vyrobilo. Je nabit\u00e1 funkciami, ktor\u00e9 zlep\u0161uj\u00fa v\u00fdkon a zvy\u0161uj\u00fa pohodlie domova. Okrem in\u00e9ho s\u00fa tu prednastaven\u00e9 komfortn\u00e9 re\u017eimy, tak\u017ee si m\u00f4\u017eete r\u00fdchlo a jednoducho zvoli\u0165 spr\u00e1vne nastavenie, je pou\u017eit\u00e1 dvojit\u00e1 bari\u00e9rov\u00e1 vrstva odpudzuj\u00faca ne\u010distoty, ktor\u00e1 poskytuje odolnej\u0161\u00ed stroj a \u010distej\u0161\u00ed vzduch, wifi pripojenie, I-see senzor, ktor\u00fd detekuje, kde v miestnosti sa nach\u00e1dzate vzduch potom smeruje tam, kde je najviac potrebn\u00fd. Pr\u00e9miov\u00e1 dizajnov\u00e1 klimatiz\u00e1cia N\u00e1stenn\u00e1 jednotka MSZ-LN p\u00fata pozornos\u0165 nielen svojim dizajnom, ale kombinuje tie\u017e r\u00f4zne inovat\u00edvne funkcie. M\u00e1 napr\u00edklad dve vyfukovacie lamely, ktor\u00e9 pracuj\u00fa nez\u00e1visle od seba \u2013 pr\u00fad vzduchu m\u00f4\u017eete nasmerova\u0165 r\u00f4znymi smermi. 3D i-see senzor automaticky zist\u00ed po\u010det a polohu \u013eud\u00ed v miestnosti, meria teplotu povrchu a nastav\u00ed v\u00fdkon jednotky a pr\u00fadenie vzduchu pod\u013ea potreby a po\u017eiadaviek tak, aby bol priestor dokonale vyk\u00faren\u00fd.\u00a0Na rozdiel od be\u017en\u00fdch klimatiza\u010dn\u00fdch syst\u00e9mov nestr\u00e1ca s\u00e9ria LN vykurovac\u00ed v\u00fdkon, ke\u010f je vonku chladno. Origin\u00e1lne technol\u00f3gie zais\u0165uj\u00fa vynikaj\u00faci vykurovac\u00ed v\u00fdkon pri extr\u00e9mne n\u00edzkych vonkaj\u0161\u00edch teplot\u00e1ch v\u010faka novej technol\u00f3gii Mitsubishi HyperHeating a p\u00f4sobiv\u00fd garantovan\u00fd prev\u00e1dzkov\u00fd rozsah. Vonkaj\u0161ie jednotky s\u00e9rie LN s\u00fa vybaven\u00e9 vysokov\u00fdkonn\u00fdm kompresorom, ktor\u00fd poskytuje zv\u00fd\u0161en\u00fd vykurovac\u00ed v\u00fdkon pri n\u00edzkych vonkaj\u0161\u00edch teplot\u00e1ch. Vysok\u00e1 energetick\u00e1 \u00fa\u010dinnos\u0165 v energetickej triede A+++ plat\u00ed pre v\u0161etky verzie s v\u00fdkonom od 2,5 do 5,0 kW. S vn\u00fatorn\u00fdmi jednotkami, ktor\u00e9 kombinuj\u00fa funk\u010dnos\u0165, dizajn a kapacitu a vonkaj\u0161\u00edmi jednotkami vybaven\u00fdmi vysoko \u00fa\u010dinn\u00fdm kompresorom, MUZ-LN VGHZ s\u00fa\u010dasne dosahuje vysok\u00fd vykurovac\u00ed v\u00fdkon aj energetick\u00fa \u00fasporu. Ohrev proti zamrznutiu je v \u0161tandardnej v\u00fdbave. Ohrieva\u010d s ochranou proti zamrznutiu obmedzuje zn\u00ed\u017een\u00fd v\u00fdkon a odst\u00e1vky prev\u00e1dzky sp\u00f4soben\u00e9 zamrznut\u00edm odpadovej vody. To podporuje stabiln\u00fa prev\u00e1dzku v prostred\u00ed s n\u00edzkou teplotou. HyperHeating \u2013 optimaliz\u00e1cia pre vykurovanie Klimatiz\u00e1cia pon\u00faka unik\u00e1tny hyperohrev, technol\u00f3giu Mitsubishi HyperHeating s vykurovan\u00edm do -30\u00b0C, pou\u017eite\u013en\u00fa aj v mutisplite. V\u00fdkonn\u00fd kompresor s\u00e9rie RW dosahuje pozoruhodn\u00fa maxim\u00e1lnu vykurovaciu kapacitu pri n\u00edzkej okolitej teplote s vysokou energetickou \u00fa\u010dinnos\u0165ou \u2013 pr\u00edjemn\u00e9 teplo pri n\u00edzkej spotrebe elektriny. Rad\u00ed do najvy\u0161\u0161ej triedy efektivity na z\u00e1klade pripravovan\u00fdch nov\u00fdch pr\u00edsnej\u0161\u00edch po\u017eiadaviek. Napriek vysok\u00e9mu v\u00fdkonu t\u00e1to klimatiz\u00e1cia zn\u00ed\u017ei va\u0161u spotrebu elektriny a poskytne v\u00e1m tak pr\u00edjemne vyhriaty domov za ni\u017e\u0161iu cenu a navy\u0161e dok\u00e1\u017ee vykurova\u0165 aj ve\u013ek\u00e9 plochy interi\u00e9ru. Nov\u00e1 rada vn\u00fatorn\u00fdch n\u00e1stenn\u00fdch jednotiek MSZ-RW umo\u017e\u0148uje vykurovanie a\u017e do -30\u00b0C a m\u00e1 100%-n\u00fd v\u00fdkon a\u017e do -25\u00b0C. S\u00e9ria RW umo\u017e\u0148uje zabezpe\u010di\u0165 maxim\u00e1lnu nepretr\u017eit\u00fa prev\u00e1dzku vykurovania s menej \u010dast\u00fdmi oper\u00e1ciami odmrazovania, \u010d\u00edm sa dlhodobo udr\u017eiava pr\u00edjemn\u00e9 vn\u00fatorn\u00e9 prostredie bez teplotn\u00fdch v\u00fdkyvov. Ter\u00e9nne testy na vybran\u00fdch chladn\u00fdch miestach vo \u0160v\u00e9dsku a N\u00f3rsku preuk\u00e1zali ve\u013ek\u00fa spokojnos\u0165 pou\u017e\u00edvate\u013eov s objemom v\u00fdmeny vzduchu a najm\u00e4 s pozoruhodn\u00fdm vykurovac\u00edm v\u00fdkonom s\u00e9rie RW. Ako ukazuje v\u00fdsledok testu, s\u00e9ria RW poskytuje stabiln\u00fd komfort v interi\u00e9ri aj pri extr\u00e9mne n\u00edzkych okolit\u00fdch teplot\u00e1ch. Vonkaj\u0161ie jednotky maj\u00fa priamo integrovan\u00fd ohrev kondenza\u010dnej vani\u010dky po\u010das odmrazovania. Tieto jednotky sa vyr\u00e1baj\u00fa u\u017e od v\u00fdkonu 2,5 kW. Sofistikovan\u00fd 3D sn\u00edma\u010d I-see I-see je 3D senzor so sofistikovan\u00fdm dizajnom nen\u00e1padne spl\u00fdvaj\u00faci do tvaru vn\u00fatornej jednotky, ktor\u00fd meria teplotu v miestnosti pomocou infra\u010derven\u00e9ho senzora, a tie\u017e je schopn\u00fd zisti\u0165 polohu os\u00f4b. To v\u00e1m umo\u017e\u0148uje nadefinova\u0165 si preferovan\u00e9 pr\u00fadenie vzduchu \u2013 priamy alebo nepriamy pr\u00fad vzduchu vzh\u013eadom k osob\u00e1m v miestnosti. Pomocou senzora m\u00f4\u017ee by\u0165 vyfukovan\u00fd vzduch smerovan\u00fd k \u013eu\u010fom, pre\u010d od \u013eud\u00ed alebo rovnomerne do priestoru, kde sa \u013eudia \u010dasto zdr\u017eiavaj\u00fa. Sn\u00edma\u010d I-see je mo\u017en\u00e9 pou\u017ei\u0165 aj na dodato\u010dn\u00e9 \u0161etrenie energiou, tak \u017ee vn\u00fatorn\u00e1 teplota automaticky zn\u00ed\u017ei v\u00fdkon vykurovan\u00edm, ke\u010f sn\u00edma\u010d u\u017e nedetekuje pr\u00edtomnos\u0165 \u013eud\u00ed v priestore. Prev\u00e1dzka vykurovania m\u00f4\u017ee op\u00e4\u0165 norm\u00e1lne pokra\u010dova\u0165, ke\u010f sn\u00edma\u010d op\u00e4\u0165 zaznamen\u00e1 osobu v miestnosti. Plasma Quad filter pre \u010distej\u0161\u00ed vzduch PQP je kompletn\u00e1 jednotka na \u010distenie vzduchu, ktor\u00e1 spolu s deodoriza\u010dn\u00fdm filtrom vytv\u00e1ra lep\u0161ie vn\u00fatorn\u00e9 prostredie pre cel\u00fa rodinu. Prich\u00e1dza s pr\u00e9miov\u00fdm filtrom Plasma Quad, ktor\u00fd zlep\u0161uje kvalitu vzduchu vo va\u0161ej dom\u00e1cnosti. Ke\u010f vzduch prejde filtrom, vo filtri sa zachytia sp\u00f3ry plesn\u00ed, alerg\u00e9ny, bakt\u00e9rie, prach, v\u00edrusy a \u0161kodliv\u00e9 \u010dastice z l\u00e1tok zne\u010dis\u0165uj\u00facich ovzdu\u0161ie. Prostredn\u00edctvom elektrostatick\u00e9ho nab\u00edjania filtra\u010dn\u00fd syst\u00e9m rozklad\u00e1 \u010dastice uviaznut\u00e9 vo filtri. Elektrostatick\u00fd n\u00e1boj p\u00f4sob\u00ed ako clona, \u200b\u200bktor\u00e1 zastav\u00ed viac ako 90% nezdrav\u00fdch \u010dast\u00edc \u2013 sp\u00f3ry plesn\u00ed aj alerg\u00e9ny a z\u00e1rove\u0148 sa vzduch \u010dist\u00ed od prachu. Filter zachyt\u00e1va ale aj neutralizuje mikroskopick\u00e9 \u010dastice v suspenzii, ktor\u00e9 na ne p\u00f4sobia ako elektrick\u00e1 bari\u00e9ra. Generovan\u00edm a n\u00e1sledn\u00fdm vyb\u00edjan\u00edm vysokonap\u00e4\u0165ov\u00e9ho elektrick\u00e9ho po\u013ea t\u00e1to technol\u00f3gia zachyt\u00e1va a inaktivuje v\u00edrusy a odstra\u0148uje kontaminanty, ktor\u00e9 prech\u00e1dzaj\u00fa cez filter. Plasma Quad Plus pod\u013ea inform\u00e1ci\u00ed v\u00fdrobcu, \u00fa\u010dinne odstra\u0148uje zo vzduchu 99% v\u00edrusov, bakt\u00e9ri\u00ed a plesn\u00ed, 98% alerg\u00e9nov (napr. pe\u013e), 97% rozto\u010dov a prachu a 99% pr\u00edtomn\u00fdch suspendovan\u00fdch \u010dast\u00edc (PM2,5) a z\u00e1rove\u0148 eliminuje a neutralizuje pachy. Nov\u00e1 HyperHeating MUZ-LN-VGHZ vonkaj\u0161ia jednotka Pre splitov\u00e9 aj multisplitov\u00e9 zapojenie Klimatiz\u00e1cie pon\u00fakaj\u00fa flexibiln\u00e9 mo\u017enosti zapojenia. Je mo\u017en\u00e9 zapoji\u0165 jednu vn\u00fatorn\u00fa jednotku na jednu vonkaj\u0161iu jednotku \u2013 v takom pr\u00edpade sa jedn\u00e1 o splitov\u00e9 zapojenie. V pr\u00edpade ak m\u00e1te viacero miestnost\u00ed je ide\u00e1lne rie\u0161enie zvoli\u0165 multisplitov\u00fd syst\u00e9m \u2013 v takom pr\u00edpade sa na jednu vonkaj\u0161iu kondenza\u010dn\u00fa jednotku napoj\u00ed viacero vn\u00fatorn\u00fdch jednotiek. Tie m\u00f4\u017eu by\u0165 r\u00f4zneho v\u00fdkonu a typu. Konven\u010dn\u00e9 modely vonkaj\u0161\u00edch jednotiek nie s\u00fa schopn\u00e9 udr\u017ea\u0165 \u0161tandardn\u00fd menovit\u00fd vykurovac\u00ed v\u00fdkon, \u010do s\u0165a\u017euje zabezpe\u010denie ohrevu v pr\u00edpade n\u00edzkych tepl\u00f4t vonkaj\u0161ieho vzduchu a odtokov\u00e1 voda\u00a0 pri siln\u00fdch mrazoch zam\u0155za. Normovan\u00fd menovit\u00fd vykurovac\u00ed v\u00fdkon s\u00e9rie LN-VGHZ je v\u0161ak zachovan\u00fd aj vtedy, ke\u010f teplota vonkaj\u0161ieho vzduchu klesne pod \u201315\u00b0C a udr\u017eiava vysok\u00fd v\u00fdkon aj pri ove\u013ea ni\u017e\u0161ej vonkaj\u0161ej teplote \u2013 aj pod -25\u00b0C. Nov\u00e9 hyperk\u00farenie MXZ-LN-VGHZ v\u00e1m umo\u017en\u00ed vytvori\u0165 o\u00e1zu pohodlia v celom dome a kancel\u00e1rii v miestnostiach, ktor\u00e9 pou\u017e\u00edvate naj\u010dastej\u0161ie, kedyko\u013evek po\u010das roka a to aj v mutisplite. Efekt\u00edvne pr\u00fadenie vzduchu Ovl\u00e1danie pr\u00fadenia vzduchu v interi\u00e9ri vn\u00fatornou jednotkou je rozdelen\u00e9 na dve \u010dasti \u2013 vertik\u00e1lne a horizont\u00e1lne. Vzduch m\u00f4\u017ee smerova\u0165 s\u00fa\u010dasne doprava, do\u013eava, hore a dole. Vykurovac\u00ed vzduch sa tak m\u00f4\u017ee efekt\u00edvne a bez prievanu distribuova\u0165 do v\u0161etk\u00fdch miestnost\u00ed. Vzduchov\u00e9 ovl\u00e1da\u010de vn\u00fatornej jednotky pri schodisku je mo\u017en\u00e9 pou\u017ei\u0165 na smerovanie tepla s\u00fa\u010dasne do horn\u00e9ho a spodn\u00e9ho poschodia. Integrovan\u00e9 Wi-Fi ovl\u00e1danie a MELCloud Ovl\u00e1danie a monitorovanie v\u00e1\u0161ho Mitsubishi cez PC a smartf\u00f3n (Apple, Android, Windows) Vn\u00fatorn\u00e1 jednotka m\u00e1 integrovan\u00fd Wi-Fi adapt\u00e9r, ktor\u00fd v\u00e1m umo\u017en\u00ed ovl\u00e1da\u0165 va\u0161e tepeln\u00e9 \u010derpadlo mobiln\u00fdmi zariadeniami alebo po\u010d\u00edta\u010dom odkia\u013eko\u013evek. Pomocou pripojenia na dia\u013eku viete, ak\u00e1 je teplota vo vn\u00fatri, a m\u00f4\u017eete regulova\u0165 teplotu tak, aby bola ni\u017e\u0161ia, napr\u00edklad ke\u010f idete na dovolenku, a vyk\u00fari\u0165 interi\u00e9r tak, aby bol pohodln\u00fd pr\u00e1ve po pr\u00edchode domov. MEL Cloud je nov\u00e1 gener\u00e1cia cloudov\u00e9ho riadenia pre produkty Mitsubishi Electric pre klimatiz\u00e1ciu, k\u00farenie a vetranie s rekuper\u00e1ciou tepla. MEL Cloud poskytuje pou\u017e\u00edvate\u013eom jednoduch\u00e9 ovl\u00e1danie ich zariaden\u00ed, \u010di u\u017e s\u00fa vonku alebo len le\u017eia doma na pohovke. MEL Cloud poskytuje \u017eiv\u00e9 ovl\u00e1dacie prvky, sc\u00e9ny, t\u00fd\u017edenn\u00e9 a sez\u00f3nne \u010dasova\u010de, ktor\u00e9 poskytuj\u00fa \u00fapln\u00fa flexibilitu pri ovl\u00e1dan\u00ed nieko\u013ek\u00fdch syst\u00e9mov klimatiz\u00e1cie, vykurovania alebo vetrania s rekuper\u00e1ciou tepla Mitsubishi Electric z jedn\u00e9ho zariadenia alebo miesta. Na pripojenie ka\u017edej vn\u00fatornej jednotky klimatiz\u00e1cie, vykurovacieho syst\u00e9mu alebo ventila\u010dn\u00e9ho syst\u00e9mu s rekuper\u00e1ciou tepla k MEL Cloud, bude potrebn\u00e9 ofici\u00e1lne Wi-Fi rozhranie Mitsubishi Electric. Rozhranie Wi-Fi sa prip\u00e1ja k v\u00e1\u0161mu miestnemu smerova\u010du prostredn\u00edctvom bezdr\u00f4tov\u00e9ho pripojenia. K slu\u017ebe MELCloud m\u00e1 pr\u00edstup \u0161irok\u00e1 \u0161k\u00e1la najnov\u0161\u00edch osobn\u00fdch po\u010d\u00edta\u010dov (PC), tabletov a smartf\u00f3nov od popredn\u00fdch v\u00fdrobcov. Aplik\u00e1cia jednoducho zist\u00ed, ktor\u00e9 zariadenie pou\u017e\u00edvate a dynamicky sa prisp\u00f4sob\u00ed displej, aby sa maximalizovala dostupn\u00e1 obrazovka. MELCloud podporuje v\u0161etk\u00fdch hlavn\u00fdch v\u00fdrobcov mobiln\u00fdch zariaden\u00ed, a to bu\u010f prostredn\u00edctvom \u0161peci\u00e1lnych aplik\u00e1ci\u00ed, ktor\u00e9 si m\u00f4\u017eete bezplatne stiahnu\u0165 alebo aj z MELCloud web aplik\u00e1cie cez internetov\u00fd prehliada\u010d. MELCloud v\u00e1m umo\u017e\u0148uje prevzia\u0165 kontrolu nad va\u0161imi vykurovac\u00edmi syst\u00e9mami Mitsubishi Electric Ecodan odkia\u013eko\u013evek svete, pokia\u013e m\u00e1te pr\u00edstup na internet. Tak\u017ee zabudnete vypn\u00fa\u0165 k\u00farenie, ke\u010f ste mimo domova alebo na dovolenke uz nie je problem. MELCloud poskytuje aj niektor\u00e9 nov\u00e9 funkcie, ako s\u00fa lokalizovan\u00e9 inform\u00e1cie o po\u010das\u00ed, ochrana pred mrazom, 7-d\u0148ov\u00fd multi programovate\u013en\u00fd \u010dasova\u010d a dovolenkov\u00fd re\u017eim s \u010fal\u0161\u00edmi funkciami pl\u00e1novan\u00fdmi do bud\u00facnosti. MELCloud bol navrhnut\u00fd pre \u0161irok\u00fa \u0161k\u00e1lu aplik\u00e1ci\u00ed od jednotliv\u00fdch pou\u017e\u00edvate\u013eov alebo vykurovac\u00edch syst\u00e9mov a\u017e po v\u00e4\u010d\u0161ie pou\u017e\u00edvate\u013eov, ktor\u00ed m\u00f4\u017eu ma\u0165 viacero vlastnost\u00ed alebo syst\u00e9mov, ktor\u00e9 chc\u00fa monitorova\u0165 a ovl\u00e1da\u0165. Bez oh\u013eadu na typ pou\u017e\u00edvate\u013ea ste, MELCloud v\u00e1m m\u00f4\u017ee poskytn\u00fa\u0165 po\u017eadovan\u00fa kontrolu a pr\u00edstup, ktor\u00e9 potrebujete. Farebn\u00fd k\u00e1blov\u00fd dotykov\u00fd ovl\u00e1da\u010d s Bluetooth PAR-CT01MAA-PB je volite\u013en\u00fd (m\u00f4\u017eete si ho doobjedna\u0165) farebn\u00fd k\u00e1blov\u00fd dotykov\u00fd ovl\u00e1da\u010d s Bluetooth. Ovl\u00e1da\u010d pon\u00faka mo\u017enos\u0165 nahrania vlastn\u00e9ho loga. Vhodn\u00e9 pre hotely a komer\u010dn\u00e9 priestory. Elegantn\u00e9 a univerz\u00e1lne k\u00e1blov\u00e9 dia\u013ekov\u00e9 ovl\u00e1danie PAR-CT01MAA sa d\u00e1 s nadsaden\u00edm ozna\u010di\u0165 za technick\u00fd multitalent. V\u010faka farebn\u00e9mu dotykov\u00e9mu displeju a volite\u013en\u00e9mu rozhraniu Bluetooth m\u00f4\u017ee pon\u00faknu\u0165 ve\u013ek\u00fa flexibilitu, najm\u00e4 \u010do sa t\u00fdka nastavenia farieb a ovl\u00e1dania. Dia\u013ekov\u00e9 ovl\u00e1danie sa dod\u00e1va vo verzii z bieleho plastu a verzii v kombin\u00e1cii \u010dierny hlin\u00edk plast. Toto dia\u013ekov\u00e9 ovl\u00e1danie je mo\u017en\u00e9 jednoducho konfigurova\u0165 pomocou aplik\u00e1cie (verzia s rozhran\u00edm BLE). Pri nastaven\u00ed displeja je mo\u017en\u00e9 \u013eubovo\u013ene vybera\u0165 z viac ako 180 variantov nastaven\u00ed farieb, \u010do umo\u017e\u0148uje optim\u00e1lne nastavenie s oh\u013eadom na okolie. Prepojen\u00e1 grafika umo\u017e\u0148uje individu\u00e1lne prisp\u00f4sobenie dia\u013ekov\u00e9ho ovl\u00e1dania (verzia s rozhran\u00edm BLE).\u00a0Dok\u00e1\u017ee ovl\u00e1da\u0165 a\u017e 16 jednotiek v jednej skupine. Okrem \u0161tandardn\u00fdch prev\u00e1dzkov\u00fdch re\u017eimov je k dispoz\u00edcii aj denn\u00fd a t\u00fd\u017edenn\u00fd program.<\/p>","protected":false},"excerpt":{"rendered":"<p>Combining great design with high energy efficiency. This air conditioner is developed for stylish interiors of modern buildings and optimized for heating with the new Mitsubishi HyperHeating technology, making it suitable even for very cold regions. We present to you the wall-mounted air conditioner MITSUBISHI MSZ-LN Hyperheating Design Premium, a perfect harmony of design, performance, and low noise levels. Mitsubishi Hyperheating DESIGN PREMIUM units provide 100% heating output down to an outdoor temperature of -15\u00b0C and can efficiently heat even when the temperature drops below -25\u00b0C!\nAvailable in 4 color variants: natural white, pearl white, onyx black, and ruby red \u2013 each delivered with an infrared remote control matching the unit color.<\/p>","protected":false},"featured_media":580,"comment_status":"open","ping_status":"closed","template":"","meta":{"_acf_changed":false,"om_disable_all_campaigns":false,"_monsterinsights_skip_tracking":false,"_monsterinsights_sitenote_active":false,"_monsterinsights_sitenote_note":"","_monsterinsights_sitenote_category":0},"product_brand":[38],"product_cat":[19],"product_tag":[],"class_list":{"0":"post-573","1":"product","2":"type-product","3":"status-publish","4":"has-post-thumbnail","6":"product_brand-mitsubishi","7":"product_cat-klimatizacia","9":"first","10":"instock","11":"taxable","12":"shipping-taxable","13":"purchasable","14":"product-type-simple"},"acf":[],"aioseo_notices":[],"_links":{"self":[{"href":"https:\/\/www.heatcooltech.sk\/en\/wp-json\/wp\/v2\/product\/573","targetHints":{"allow":["GET"]}}],"collection":[{"href":"https:\/\/www.heatcooltech.sk\/en\/wp-json\/wp\/v2\/product"}],"about":[{"href":"https:\/\/www.heatcooltech.sk\/en\/wp-json\/wp\/v2\/types\/product"}],"replies":[{"embeddable":true,"href":"https:\/\/www.heatcooltech.sk\/en\/wp-json\/wp\/v2\/comments?post=573"}],"wp:featuredmedia":[{"embeddable":true,"href":"https:\/\/www.heatcooltech.sk\/en\/wp-json\/wp\/v2\/media\/580"}],"wp:attachment":[{"href":"https:\/\/www.heatcooltech.sk\/en\/wp-json\/wp\/v2\/media?parent=573"}],"wp:term":[{"taxonomy":"product_brand","embeddable":true,"href":"https:\/\/www.heatcooltech.sk\/en\/wp-json\/wp\/v2\/product_brand?post=573"},{"taxonomy":"product_cat","embeddable":true,"href":"https:\/\/www.heatcooltech.sk\/en\/wp-json\/wp\/v2\/product_cat?post=573"},{"taxonomy":"product_tag","embeddable":true,"href":"https:\/\/www.heatcooltech.sk\/en\/wp-json\/wp\/v2\/product_tag?post=573"}],"curies":[{"name":"wp","href":"https:\/\/api.w.org\/{rel}","templated":true}]}}