{"id":574,"date":"2025-03-16T15:13:23","date_gmt":"2025-03-16T14:13:23","guid":{"rendered":"https:\/\/www.heatcooltech.sk\/?post_type=product&#038;p=574"},"modified":"2025-04-11T11:03:52","modified_gmt":"2025-04-11T09:03:52","slug":"klimatizacia-mitsubishi-msz-hr35vf-muz-hr35vf-34kw-r32","status":"publish","type":"product","link":"https:\/\/www.heatcooltech.sk\/en\/product\/klimatizacia-mitsubishi-msz-hr35vf-muz-hr35vf-34kw-r32\/","title":{"rendered":"Air conditioner Mitsubishi MSZ-HR35VF \/ MUZ-HR35VF 3,4kW R32 set"},"content":{"rendered":"<p>Kompaktn\u00e1 jednotka, vhodn\u00e1 pre mal\u00e9 aj v\u00e4\u010d\u0161ie priestory Energetick\u00e1 trieda(chladenie \/ vykurovanie)\u00a0A++\u00a0\/\u00a0A+ Vlastnosti:\u00a0Econo Cool, i-save, horizont\u00e1lny pohyb lamely, re\u0161tart po v\u00fdpadku elektriny, automatick\u00e1\u00a0regul\u00e1cia ventil\u00e1tora, ochrana proti zamrznutiu, silent mode Hlu\u010dnos\u0165 modelov\u00a0je v rozmedz\u00ed:\u00a021 \u2013 47 dBA Dia\u013ekov\u00e9 infra. ovl\u00e1danie\u00a0s funkciou t\u00fd\u017edenn\u00e9ho \u010dasova\u010da v z\u00e1kladnej v\u00fdbave Volite\u013en\u00e9\u00a0pr\u00edslu\u0161enstvo:\u00a0Wi-Fi adapt\u00e9r\u00a0pre ovl\u00e1danie cez smartf\u00f3n alebo tablet (mo\u017enos\u0165 zobrazenia \u00fadajov o spotrebe energie cez aplik\u00e1ciu MelCloud) Ekologick\u00e9 chladivo\u00a0R32<\/p>","protected":false},"excerpt":{"rendered":"<p>Compact wall-mounted air conditioner with eco-friendly R32 refrigerant and power range from 2.5\u202fkW up to 5.0\u202fkW.\nThanks to its very small dimensions, these units blend harmoniously into any type of interior.\nThe price of the unit includes an infrared (IR) remote control.<\/p>","protected":false},"featured_media":582,"comment_status":"open","ping_status":"closed","template":"","meta":{"_acf_changed":false,"om_disable_all_campaigns":false,"_monsterinsights_skip_tracking":false,"_monsterinsights_sitenote_active":false,"_monsterinsights_sitenote_note":"","_monsterinsights_sitenote_category":0},"product_brand":[38],"product_cat":[19],"product_tag":[],"class_list":{"0":"post-574","1":"product","2":"type-product","3":"status-publish","4":"has-post-thumbnail","6":"product_brand-mitsubishi","7":"product_cat-klimatizacia","9":"first","10":"instock","11":"taxable","12":"shipping-taxable","13":"purchasable","14":"product-type-simple"},"acf":[],"aioseo_notices":[],"_links":{"self":[{"href":"https:\/\/www.heatcooltech.sk\/en\/wp-json\/wp\/v2\/product\/574","targetHints":{"allow":["GET"]}}],"collection":[{"href":"https:\/\/www.heatcooltech.sk\/en\/wp-json\/wp\/v2\/product"}],"about":[{"href":"https:\/\/www.heatcooltech.sk\/en\/wp-json\/wp\/v2\/types\/product"}],"replies":[{"embeddable":true,"href":"https:\/\/www.heatcooltech.sk\/en\/wp-json\/wp\/v2\/comments?post=574"}],"wp:featuredmedia":[{"embeddable":true,"href":"https:\/\/www.heatcooltech.sk\/en\/wp-json\/wp\/v2\/media\/582"}],"wp:attachment":[{"href":"https:\/\/www.heatcooltech.sk\/en\/wp-json\/wp\/v2\/media?parent=574"}],"wp:term":[{"taxonomy":"product_brand","embeddable":true,"href":"https:\/\/www.heatcooltech.sk\/en\/wp-json\/wp\/v2\/product_brand?post=574"},{"taxonomy":"product_cat","embeddable":true,"href":"https:\/\/www.heatcooltech.sk\/en\/wp-json\/wp\/v2\/product_cat?post=574"},{"taxonomy":"product_tag","embeddable":true,"href":"https:\/\/www.heatcooltech.sk\/en\/wp-json\/wp\/v2\/product_tag?post=574"}],"curies":[{"name":"wp","href":"https:\/\/api.w.org\/{rel}","templated":true}]}}