{"id":697,"date":"2025-03-16T22:08:38","date_gmt":"2025-03-16T21:08:38","guid":{"rendered":"https:\/\/www.heatcooltech.sk\/?post_type=product&#038;p=697"},"modified":"2025-04-09T19:51:37","modified_gmt":"2025-04-09T17:51:37","slug":"klimatizacia-bosch-set-cl4000i-set-35-e-35-38-kw-1-4-3-8%e2%80%b3","status":"publish","type":"product","link":"https:\/\/www.heatcooltech.sk\/en\/product\/klimatizacia-bosch-set-cl4000i-set-35-e-35-38-kw-1-4-3-8%e2%80%b3\/","title":{"rendered":"Klimatiz\u00e1cia Bosch set CL4000i-Set 35 E, 3,5\/3,8 KW"},"content":{"rendered":"<p>Zlep\u0161ite kvalitu v\u00e1\u0161ho vzduchu Ioniza\u010dn\u00e1 technol\u00f3gia odstra\u0148uje prach, plese\u0148, v\u00edrusy a\u00a0bakt\u00e9rie zo vzduchu pomocou kladn\u00fdch a\u00a0z\u00e1porn\u00fdch i\u00f3nov. Funkcia iClean odstra\u0148uje bakt\u00e9rie a\u00a0plese\u0148 z\u00a0v\u00fdmenn\u00edka tepla tak, \u017ee v\u00fdparn\u00edk zahreje na 56\u00a0\u00b0C. HD filter (s\u00a0vysokou hustotou), BIO filter a\u00a0katalytick\u00fd filter udr\u017eia \u0161kodliv\u00e9 l\u00e1tky mimo miestnosti. Vychutnajte si pr\u00edjemn\u00fa kl\u00edmu V\u010faka 3D oto\u010dnej funkcii sa v\u00fdstup vzduchu pohybuje tak, aby pr\u00fad vzduchu smeroval do ka\u017ed\u00e9ho k\u00fata miestnosti. S\u00a0funkciou Silent Mode \u2013 tich\u00fd re\u017eim vn\u00fatornej jednotky \u2013 m\u00f4\u017eete zn\u00ed\u017ei\u0165 hladinu hluku zariadenia. Funkcia Follow Me meria teplotu v\u00a0miestnosti tam, kde je umiestnen\u00e9 dia\u013ekov\u00e9 ovl\u00e1danie, nie na vn\u00fatornej jednotke. S\u00a0funkciou Wind Avoid Me m\u00f4\u017eete pomocou dia\u013ekov\u00e9ho ovl\u00e1dania nasmerova\u0165 pr\u00fadenie vzduchu tak, aby na v\u00e1s nef\u00fakalo. Spo\u013eahliv\u00fd a\u00a0\u00fa\u010dinn\u00fd v\u00fdrobok pre v\u0161etky ro\u010dn\u00e9 obdobia V\u010faka vyhrievaciemu p\u00e1su kompresora a\u00a0odkvapk\u00e1vacej miske dok\u00e1\u017ee klimatiza\u010dn\u00e9 zariadenie k\u00fari\u0165 aj pri ve\u013emi n\u00edzkych vonkaj\u0161\u00edch teplot\u00e1ch. \u0160peci\u00e1lny antikor\u00f3zny n\u00e1ter na lamel\u00e1ch vonkaj\u0161ej jednotky chr\u00e1ni zariadenie pred kor\u00f3ziou a\u00a0zabezpe\u010duje mu dlh\u0161iu \u017eivotnos\u0165. Zvo\u013ete si ni\u017e\u0161\u00ed stupe\u0148 odberu energie (z\u00a03 mo\u017enost\u00ed) a\u00a0\u0161etrite n\u00e1klady na elektrinu s\u00a0funkciou Meni\u010d v\u00fdkonu. Zariadenie Climate 4000i dok\u00e1\u017ee udr\u017eova\u0165 teplotu v\u00a0miestnosti nad 8\u00a0\u00b0C a\u00a0br\u00e1ni zamrznutiu, ke\u010f je dom v\u00a0zime neob\u00fdvan\u00fd. V\u017edy stabiln\u00e1 teplota V\u010faka sofistikovanej technol\u00f3gii a regul\u00e1cii v\u00fdkonu sa teplota v miestnosti neodch\u00fdli viac ako o \u00b10,5 stup\u0148a od nastavenej hodnoty. Jednoduch\u00e9 ovl\u00e1danie Klimatiz\u00e1ciu Climate 4000i m\u00f4\u017eete ovl\u00e1da\u0165 pomocou dia\u013ekov\u00e9ho ovl\u00e1dania (s\u00fa\u010das\u0165 balenia) alebo ju spoji\u0165 s\u00a0n\u00e1stenn\u00fdm izbov\u00fdm termostatom (volite\u013en\u00e9 pr\u00edslu\u0161enstvo). V\u010faka Wi-Fi modulu m\u00f4\u017eete zariadenie ovl\u00e1da\u0165 jednoducho pomocou smartf\u00f3nu a aplik\u00e1cie Bosch HomeCom Easy<\/p>","protected":false},"excerpt":{"rendered":"<div class=\"ProductDescription_top\">\n<div class=\"ProductDescription_claim -size-l\">\n<p>A simple split air conditioning system available in three power variants for apartments and family homes.<\/p>\n<\/div>\n<\/div>\n<div class=\"ProductDescription_middle\">\n<p>Climate 4000i can cool your room effectively, but it also serves as an additional heating source \u2014 even at low outdoor temperatures. Thanks to its comfort features, you can enjoy the perfect indoor temperature and good air quality all year round.<\/p>\n<\/div>","protected":false},"featured_media":699,"comment_status":"open","ping_status":"closed","template":"","meta":{"_acf_changed":false,"om_disable_all_campaigns":false,"_monsterinsights_skip_tracking":false,"_monsterinsights_sitenote_active":false,"_monsterinsights_sitenote_note":"","_monsterinsights_sitenote_category":0},"product_brand":[36],"product_cat":[19],"product_tag":[],"class_list":{"0":"post-697","1":"product","2":"type-product","3":"status-publish","4":"has-post-thumbnail","6":"product_brand-bosch","7":"product_cat-klimatizacia","9":"first","10":"instock","11":"taxable","12":"shipping-taxable","13":"purchasable","14":"product-type-simple"},"acf":[],"aioseo_notices":[],"_links":{"self":[{"href":"https:\/\/www.heatcooltech.sk\/en\/wp-json\/wp\/v2\/product\/697","targetHints":{"allow":["GET"]}}],"collection":[{"href":"https:\/\/www.heatcooltech.sk\/en\/wp-json\/wp\/v2\/product"}],"about":[{"href":"https:\/\/www.heatcooltech.sk\/en\/wp-json\/wp\/v2\/types\/product"}],"replies":[{"embeddable":true,"href":"https:\/\/www.heatcooltech.sk\/en\/wp-json\/wp\/v2\/comments?post=697"}],"wp:featuredmedia":[{"embeddable":true,"href":"https:\/\/www.heatcooltech.sk\/en\/wp-json\/wp\/v2\/media\/699"}],"wp:attachment":[{"href":"https:\/\/www.heatcooltech.sk\/en\/wp-json\/wp\/v2\/media?parent=697"}],"wp:term":[{"taxonomy":"product_brand","embeddable":true,"href":"https:\/\/www.heatcooltech.sk\/en\/wp-json\/wp\/v2\/product_brand?post=697"},{"taxonomy":"product_cat","embeddable":true,"href":"https:\/\/www.heatcooltech.sk\/en\/wp-json\/wp\/v2\/product_cat?post=697"},{"taxonomy":"product_tag","embeddable":true,"href":"https:\/\/www.heatcooltech.sk\/en\/wp-json\/wp\/v2\/product_tag?post=697"}],"curies":[{"name":"wp","href":"https:\/\/api.w.org\/{rel}","templated":true}]}}